{"id":254873,"date":"2025-09-19T12:17:03","date_gmt":"2025-09-19T10:17:03","guid":{"rendered":"https:\/\/www.noruegatours.com\/fly-and-drive\/"},"modified":"2025-09-19T12:17:24","modified_gmt":"2025-09-19T10:17:24","slug":"fly-and-drive","status":"publish","type":"page","link":"https:\/\/www.noruegatours.com\/pt-pt\/fly-and-drive\/","title":{"rendered":"Fly and Drive"},"content":{"rendered":"<p>[et_pb_section fb_built=&#8221;1&#8243; disabled_on=&#8221;on|on|on&#8221; _builder_version=&#8221;4.27.2&#8243; _module_preset=&#8221;default&#8221; disabled=&#8221;on&#8221; global_colors_info=&#8221;{}&#8221; theme_builder_area=&#8221;post_content&#8221;][et_pb_row _builder_version=&#8221;4.27.2&#8243; _module_preset=&#8221;default&#8221; global_colors_info=&#8221;{}&#8221; theme_builder_area=&#8221;post_content&#8221;][et_pb_column type=&#8221;4_4&#8243; _builder_version=&#8221;4.27.2&#8243; _module_preset=&#8221;default&#8221; global_colors_info=&#8221;{}&#8221; theme_builder_area=&#8221;post_content&#8221;][et_pb_code _builder_version=&#8221;4.16&#8243; _module_preset=&#8221;default&#8221; global_colors_info=&#8221;{}&#8221; theme_builder_area=&#8221;post_content&#8221;]<script type=\"text\/javascript\"><!-- [et_pb_line_break_holder] -->\tjQuery(document).on('ready ajaxComplete', function () {<!-- [et_pb_line_break_holder] -->\t\t\/\/Replace read more link text<!-- [et_pb_line_break_holder] -->\t\tjQuery(\".et_pb_post a.more-link\").innerText.( \"Ver Viaje\" );<!-- [et_pb_line_break_holder] -->\t}); <!-- [et_pb_line_break_holder] --><\/script>[\/et_pb_code][\/et_pb_column][\/et_pb_row][\/et_pb_section][et_pb_section fb_built=&#8221;1&#8243; _builder_version=&#8221;4.27.2&#8243; _module_preset=&#8221;default&#8221; global_colors_info=&#8221;{}&#8221; theme_builder_area=&#8221;post_content&#8221;][et_pb_row admin_label=&#8221;row&#8221; _builder_version=&#8221;4.24.2&#8243; background_size=&#8221;initial&#8221; background_position=&#8221;top_left&#8221; background_repeat=&#8221;repeat&#8221; width=&#8221;100%&#8221; global_colors_info=&#8221;{}&#8221; theme_builder_area=&#8221;post_content&#8221;][et_pb_column type=&#8221;4_4&#8243; _builder_version=&#8221;4.16&#8243; custom_padding=&#8221;|||&#8221; global_colors_info=&#8221;{}&#8221; custom_padding__hover=&#8221;|||&#8221; theme_builder_area=&#8221;post_content&#8221;][et_pb_text _builder_version=&#8221;4.24.2&#8243; _module_preset=&#8221;default&#8221; global_colors_info=&#8221;{}&#8221; theme_builder_area=&#8221;post_content&#8221;]<\/p>\n<h1 class=\"p1\">Percurso de Santo Olavo<\/h1>\n<p><\/p>\n<p class=\"p1\">&#8220;Quer sentir-se um verdadeiro peregrino e explorar uma das rotas sagradas mais famosas do mundo? Conhe\u00e7a em primeira m\u00e3o o legado de Santo Olavo, o rei que cristianizou a Noruega e que se tornou um santo e um s\u00edmbolo do patriotismo escandinavo.&#8221;<br \/>Seja transportado para um mundo de lendas e hist\u00f3ria, religi\u00e3o e cultura na terra dos <a href=\"https:\/\/www.noruegatours.com\/pt-pt\/vikings\/\">Vikingos<\/a>.<\/p>\n<p><\/p>\n<p>&nbsp;<\/p>\n<p><\/p>\n<h1>Rota M\u00e1gica das Igrejas da Madeira<\/h1>\n<p><\/p>\n<p>Embarque numa peregrina\u00e7\u00e3o m\u00e1gica e descubra a cultura viking em todo o seu esplendor atrav\u00e9s das \u201c<a href=\"https:\/\/es.wikipedia.org\/wiki\/Stavkirke\" rel=\"noopener\">Stavkirke<\/a>\u201d, as pouco conhecidas igrejas de madeira norueguesas, \u00fanicas no mundo e Patrim\u00f3nio Mundial da UNESCO. Uma verdadeira joia arquitet\u00f3nica repleta de hist\u00f3ria e religi\u00e3o, vai levar-nos numa viagem incr\u00edvel de volta aos prim\u00f3rdios do cristianismo no norte da Europa.<\/p>\n<p><\/p>\n<p>&nbsp;<\/p>\n<p><\/p>\n<h1>Para\u00edso N\u00f3rdico; Troms\u00f8, Lofoten, Vester\u00e5len e Ilha Senja<\/h1>\n<p><\/p>\n<p class=\"p1\">Experimente em primeira m\u00e3o, no seu pr\u00f3prio ve\u00edculo e ao seu ritmo, a &#8220;P\u00e9rola da Noruega&#8221;, o chamado para\u00edso do norte da Europa. Um verdadeiro o\u00e1sis para os amantes da natureza e do ar livre durante os dias de ver\u00e3o.<\/p>\n<p><\/p>\n<p class=\"p1\">A revista Lonely Planet j\u00e1 dizia na sua edi\u00e7\u00e3o especial: \u201ca beleza deste lugar \u00e9 simplesmente surpreendente\u201d.<\/p>\n<p><\/p>\n<p class=\"p1\">Estamos perante um cen\u00e1rio natural deslumbrante, belo e austero, onde o oceano selvagem, montanhas recortadas mergulhando na \u00e1gua, pequenas vilas pesqueiras e praias brancas com \u00e1guas cristalinas se encontram.<\/p>\n<p><\/p>\n<p class=\"p1\">Combina natureza e cultura com uma requintada gastronomia local na terra onde o sol nunca se p\u00f5e.<\/p>\n<p><\/p>\n<p>&nbsp;<\/p>\n<p><\/p>\n<h1>Lap\u00f3nia Norueguesa<\/h1>\n<p><\/p>\n<p class=\"p1\">Conhe\u00e7a em primeira m\u00e3o, no seu pr\u00f3prio ve\u00edculo e ao seu ritmo, <a href=\"https:\/\/www.noruegatours.com\/viajar-a-la-region-del-artico-y-laponia\/\">a Lap\u00f3nia <\/a>, a regi\u00e3o mais in\u00f3spita do norte da Noruega, onde um modo de vida em harmonia com a natureza, as tradi\u00e7\u00f5es e a l\u00edngua perdura h\u00e1 s\u00e9culos.<\/p>\n<p><\/p>\n<p class=\"p1\">Terra ligada \u00e0s migra\u00e7\u00f5es das renas e do povo Sami nos seus cont\u00ednuos movimentos como n\u00f3madas nas terras do \u00c1rtico.<\/p>\n<p><\/p>\n<p class=\"p1\">Viaje at\u00e9 ao ponto mais setentrional da Europa e deixe-se levar pelo mist\u00e9rio e pela magia da sua natureza selvagem, das suas paisagens intocadas e do seu povo acolhedor, numa experi\u00eancia magn\u00edfica que a tornar\u00e1 inesquec\u00edvel.<\/p>\n<p><\/p>\n<p>&nbsp;<\/p>\n<p><\/p>\n<h1>Ouse desafiar<\/h1>\n<p><\/p>\n<p class=\"p1\">Comece a andar e descubra os lugares e as paisagens mais impressionantes da Noruega como quase ningu\u00e9m se atreve, de carro e ao seu pr\u00f3prio ritmo.<\/p>\n<p><\/p>\n<p class=\"p1\">Uma emocionante caminhada em grupo num glaciar, escaladas desafiantes e emocionantes por pared\u00f5es de montanhas \u00edngremes com vistas de cortar a respira\u00e7\u00e3o e passeios pelos imponentes fiordes noruegueses que o far\u00e3o sentir-se em harmonia com a natureza.<\/p>\n<p><\/p>\n<p class=\"p1\">Uma aventura m\u00e1gica que ser\u00e1, sem d\u00favida, inesquec\u00edvel.<\/p>\n<p><\/p>\n<p class=\"p1\">N\u00e3o se contente em ver apenas em imagens; explore as maravilhas que este pa\u00eds tem para oferecer em primeira m\u00e3o como um verdadeiro viking.<\/p>\n<p><\/p>\n<div data-src=\"https:\/\/cdn.trustindex.io\/loader.js?927740820289477e0d763d6fac5\"><\/div>\n<p>[\/et_pb_text][\/et_pb_column][\/et_pb_row][\/et_pb_section]<\/p>\n","protected":false},"excerpt":{"rendered":"<p>Percurso de Santo Olavo&#8221;Quer sentir-se um verdadeiro peregrino e explorar uma das rotas sagradas mais famosas do mundo? Conhe\u00e7a em primeira m\u00e3o o legado de Santo Olavo, o rei que cristianizou a Noruega e que se tornou um santo e um s\u00edmbolo do patriotismo escandinavo.&#8221;Seja transportado para um mundo de lendas e hist\u00f3ria, religi\u00e3o e [&hellip;]<\/p>\n","protected":false},"author":1,"featured_media":254874,"parent":0,"menu_order":0,"comment_status":"closed","ping_status":"closed","template":"","meta":{"_acf_changed":false,"_et_pb_use_builder":"on","_et_pb_old_content":"","_et_gb_content_width":"","inline_featured_image":false,"footnotes":""},"difl_page_category":[],"class_list":["post-254873","page","type-page","status-publish","has-post-thumbnail","hentry"],"acf":[],"_links":{"self":[{"href":"https:\/\/www.noruegatours.com\/pt-pt\/wp-json\/wp\/v2\/pages\/254873","targetHints":{"allow":["GET"]}}],"collection":[{"href":"https:\/\/www.noruegatours.com\/pt-pt\/wp-json\/wp\/v2\/pages"}],"about":[{"href":"https:\/\/www.noruegatours.com\/pt-pt\/wp-json\/wp\/v2\/types\/page"}],"author":[{"embeddable":true,"href":"https:\/\/www.noruegatours.com\/pt-pt\/wp-json\/wp\/v2\/users\/1"}],"replies":[{"embeddable":true,"href":"https:\/\/www.noruegatours.com\/pt-pt\/wp-json\/wp\/v2\/comments?post=254873"}],"version-history":[{"count":5,"href":"https:\/\/www.noruegatours.com\/pt-pt\/wp-json\/wp\/v2\/pages\/254873\/revisions"}],"predecessor-version":[{"id":254879,"href":"https:\/\/www.noruegatours.com\/pt-pt\/wp-json\/wp\/v2\/pages\/254873\/revisions\/254879"}],"wp:featuredmedia":[{"embeddable":true,"href":"https:\/\/www.noruegatours.com\/pt-pt\/wp-json\/wp\/v2\/media\/254874"}],"wp:attachment":[{"href":"https:\/\/www.noruegatours.com\/pt-pt\/wp-json\/wp\/v2\/media?parent=254873"}],"wp:term":[{"taxonomy":"difl_page_category","embeddable":true,"href":"https:\/\/www.noruegatours.com\/pt-pt\/wp-json\/wp\/v2\/difl_page_category?post=254873"}],"curies":[{"name":"wp","href":"https:\/\/api.w.org\/{rel}","templated":true}]}}