{"id":254545,"date":"2025-09-05T13:24:58","date_gmt":"2025-09-05T11:24:58","guid":{"rendered":"https:\/\/www.noruegatours.com\/caminhadas-de-longa-distancia\/"},"modified":"2025-09-05T13:50:28","modified_gmt":"2025-09-05T11:50:28","slug":"caminhadas-de-longa-distancia","status":"publish","type":"page","link":"https:\/\/www.noruegatours.com\/pt-pt\/caminhadas-de-longa-distancia\/","title":{"rendered":"Caminhadas de longa dist\u00e2ncia"},"content":{"rendered":"<p>[et_pb_section fb_built=&#8221;1&#8243; _builder_version=&#8221;4.27.4&#8243; _module_preset=&#8221;default&#8221; global_colors_info=&#8221;{}&#8221;][et_pb_row _builder_version=&#8221;4.27.4&#8243; _module_preset=&#8221;default&#8221; global_colors_info=&#8221;{}&#8221;][et_pb_column type=&#8221;4_4&#8243; _builder_version=&#8221;4.27.4&#8243; _module_preset=&#8221;default&#8221; global_colors_info=&#8221;{}&#8221;][et_pb_text _builder_version=&#8221;4.27.4&#8243; _module_preset=&#8221;default&#8221; global_colors_info=&#8221;{}&#8221;]<\/p>\n<h3><b>Noruega: um para\u00edso para caminhadas de longa dist\u00e2ncia<\/b><\/h3>\n<p><\/p>\n<p><span style=\"font-weight: 400;\">Caminhar na Noruega n\u00e3o \u00e9 apenas uma atividade; \u00e9 um estilo de vida. Este pa\u00eds ostenta uma impressionante rede de trilhos bem sinalizados que atravessam algumas das paisagens mais ic\u00f3nicas do mundo. Quer seja um caminhante experiente \u00e0 procura de um desafio ou em busca de uma caminhada relaxante em contacto direto com a natureza, a Noruega tem algo para todos. Os trilhos de longa dist\u00e2ncia, que se podem estender por v\u00e1rios dias ou at\u00e9 semanas, s\u00e3o perfeitos para quem procura uma experi\u00eancia completa e transformadora.<\/span><\/p>\n<p><\/p>\n<h3><b>Os grandes trilhos para caminhadas na Noruega<\/b><\/h3>\n<p><\/p>\n<p><span style=\"font-weight: 400;\">Entre os trilhos de longa dist\u00e2ncia mais populares est\u00e3o v\u00e1rias rotas que se destacam pela sua beleza paisag\u00edstica e diversidade:<\/span><\/p>\n<p><\/p>\n<ol>\n<li style=\"font-weight: 400;\" aria-level=\"1\"><b>Trilho de Jotunheimen<\/b><span style=\"font-weight: 400;\">: Conhecida como &#8220;a casa dos gigantes&#8221;, esta regi\u00e3o alberga as montanhas mais altas da Noruega. A Trilha Jotunheimen inclui picos imponentes, glaciares e lagos cristalinos. \u00c9 ideal para quem procura escaladas desafiantes e vistas panor\u00e2micas.<\/span><\/li>\n<li style=\"font-weight: 400;\" aria-level=\"1\"><b>Trilho Hardangervidda<\/b><span style=\"font-weight: 400;\">: Este imenso planalto \u00e9 um dos maiores parques nacionais da Europa. Oferece um terreno relativamente plano, perfeito para longas caminhadas numa paisagem \u00e1rida, mas bela, salpicada de rios e cascatas. Ao longo do caminho, pode avistar renas selvagens e desfrutar de uma experi\u00eancia que mistura isolamento e serenidade.<\/span><\/li>\n<li style=\"font-weight: 400;\" aria-level=\"1\"><b>Trilho dos Fiordes<\/b><span style=\"font-weight: 400;\">: Esta rota combina o melhor dos famosos fiordes da Noruega. De penhascos escarpados a vales verdejantes, \u00e9 uma viagem que mistura mar e montanhas num cen\u00e1rio incompar\u00e1vel.<\/span><\/li>\n<li style=\"font-weight: 400;\" aria-level=\"1\"><b>Lofoten e os seus trilhos costeiros<\/b><span style=\"font-weight: 400;\">: As Ilhas Lofoten s\u00e3o um lugar m\u00e1gico para caminhadas. Esta viagem inclui praias de areia branca, montanhas escarpadas e vistas do \u00c1rtico. Caminhar por esta regi\u00e3o \u00e9 como entrar num mundo de sonhos.<\/span><\/li>\n<li style=\"font-weight: 400;\" aria-level=\"1\"><b>Rota do C\u00edrculo Polar \u00c1rtico<\/b><span style=\"font-weight: 400;\">: Este trilho desafiante no extremo norte da Noruega lev\u00e1-lo-\u00e1 para al\u00e9m do C\u00edrculo Polar \u00c1rtico. Aqui, poder\u00e1 experienciar a solid\u00e3o do \u00c1rtico e, com sorte, ver a Aurora Boreal nas noites mais frias.<\/span><\/li>\n<\/ol>\n<p><\/p>\n<h3><b>Uma viagem que une natureza e cultura<\/b><\/h3>\n<p><\/p>\n<p><span style=\"font-weight: 400;\">Os trilhos de caminhada na Noruega n\u00e3o s\u00f3 oferecem paisagens deslumbrantes, como tamb\u00e9m uma liga\u00e7\u00e3o \u00fanica com a cultura local. Ao longo do caminho encontrar\u00e1 pequenos ref\u00fagios de montanha, conhecidos como &#8220;hytter&#8221;, onde os caminhantes podem descansar e partilhar hist\u00f3rias. Muitos destes ref\u00fagios s\u00e3o geridos pela Associa\u00e7\u00e3o Norueguesa de Caminhadas (DNT), o que garante um ambiente bem organizado e seguro para todos os aventureiros.<\/span><\/p>\n<p><\/p>\n<p><span style=\"font-weight: 400;\">Ter\u00e1 tamb\u00e9m a oportunidade de aprender sobre as antigas tradi\u00e7\u00f5es vikings, a vida nas aldeias rurais e a rela\u00e7\u00e3o dos noruegueses com o meio ambiente. Tudo isto enriquece a experi\u00eancia, tornando-a mais do que apenas um passeio.<\/span><\/p>\n<p><\/p>\n<h3><b>Planeje a sua aventura<\/b><\/h3>\n<p><\/p>\n<p><span style=\"font-weight: 400;\">As caminhadas de longa dist\u00e2ncia na Noruega exigem prepara\u00e7\u00e3o, mas o esfor\u00e7o vale a pena. \u00c9 importante usar roupa adequada \u00e0s mudan\u00e7as clim\u00e1ticas, cal\u00e7ado de qualidade e uma mochila bem equipada. Dependendo do percurso, pode optar por acampar ao ar livre ou ficar alojado em abrigos dispon\u00edveis.<\/span><\/p>\n<p><\/p>\n<p><span style=\"font-weight: 400;\">Al\u00e9m disso, as melhores esta\u00e7\u00f5es para caminhadas de longa dist\u00e2ncia s\u00e3o, normalmente, a primavera e o ver\u00e3o, quando os dias s\u00e3o mais longos e as temperaturas mais amenas. No entanto, alguns trilhos, especialmente no norte, tamb\u00e9m s\u00e3o acess\u00edveis no inverno para quem procura uma experi\u00eancia \u00fanica na neve.<\/span><\/p>\n<p><\/p>\n<h3><b>Embarque na sua pr\u00f3xima grande aventura<\/b><\/h3>\n<p><\/p>\n<p><span style=\"font-weight: 400;\">Explorar a Noruega a p\u00e9 \u00e9 uma experi\u00eancia transformadora. Cada passo que der nestes trilhos lev\u00e1-lo-\u00e1 mais perto da ess\u00eancia deste pa\u00eds: a sua natureza intocada, a sua rica hist\u00f3ria e a sua tranquilidade incompar\u00e1vel. Se est\u00e1 pronto para uma aventura que desafiar\u00e1 os seus limites e o recompensar\u00e1 com mem\u00f3rias inesquec\u00edveis, os nossos trilhos de caminhada de longa dist\u00e2ncia aguardam-no. Prepare a sua mochila e inicie a sua viagem hoje mesmo!<\/span><\/p>\n<p>[\/et_pb_text][\/et_pb_column][\/et_pb_row][\/et_pb_section]<\/p>\n","protected":false},"excerpt":{"rendered":"<p>Noruega: um para\u00edso para caminhadas de longa dist\u00e2nciaCaminhar na Noruega n\u00e3o \u00e9 apenas uma atividade; \u00e9 um estilo de vida. Este pa\u00eds ostenta uma impressionante rede de trilhos bem sinalizados que atravessam algumas das paisagens mais ic\u00f3nicas do mundo. Quer seja um caminhante experiente \u00e0 procura de um desafio ou em busca de uma caminhada [&hellip;]<\/p>\n","protected":false},"author":1,"featured_media":0,"parent":0,"menu_order":0,"comment_status":"closed","ping_status":"closed","template":"","meta":{"_acf_changed":false,"_et_pb_use_builder":"on","_et_pb_old_content":"","_et_gb_content_width":"","inline_featured_image":false,"footnotes":""},"difl_page_category":[],"class_list":["post-254545","page","type-page","status-publish","hentry"],"acf":[],"_links":{"self":[{"href":"https:\/\/www.noruegatours.com\/pt-pt\/wp-json\/wp\/v2\/pages\/254545","targetHints":{"allow":["GET"]}}],"collection":[{"href":"https:\/\/www.noruegatours.com\/pt-pt\/wp-json\/wp\/v2\/pages"}],"about":[{"href":"https:\/\/www.noruegatours.com\/pt-pt\/wp-json\/wp\/v2\/types\/page"}],"author":[{"embeddable":true,"href":"https:\/\/www.noruegatours.com\/pt-pt\/wp-json\/wp\/v2\/users\/1"}],"replies":[{"embeddable":true,"href":"https:\/\/www.noruegatours.com\/pt-pt\/wp-json\/wp\/v2\/comments?post=254545"}],"version-history":[{"count":14,"href":"https:\/\/www.noruegatours.com\/pt-pt\/wp-json\/wp\/v2\/pages\/254545\/revisions"}],"predecessor-version":[{"id":254559,"href":"https:\/\/www.noruegatours.com\/pt-pt\/wp-json\/wp\/v2\/pages\/254545\/revisions\/254559"}],"wp:attachment":[{"href":"https:\/\/www.noruegatours.com\/pt-pt\/wp-json\/wp\/v2\/media?parent=254545"}],"wp:term":[{"taxonomy":"difl_page_category","embeddable":true,"href":"https:\/\/www.noruegatours.com\/pt-pt\/wp-json\/wp\/v2\/difl_page_category?post=254545"}],"curies":[{"name":"wp","href":"https:\/\/api.w.org\/{rel}","templated":true}]}}