{"id":254424,"date":"2025-09-03T13:13:27","date_gmt":"2025-09-03T11:13:27","guid":{"rendered":"https:\/\/www.noruegatours.com\/tours-personalizaveis-para-a-noruega\/"},"modified":"2025-09-03T13:17:07","modified_gmt":"2025-09-03T11:17:07","slug":"tours-personalizaveis-para-a-noruega","status":"publish","type":"page","link":"https:\/\/www.noruegatours.com\/pt-pt\/tours-personalizaveis-para-a-noruega\/","title":{"rendered":"Tours personaliz\u00e1veis \u200b\u200b\u200b\u200bpara a Noruega"},"content":{"rendered":"<p>[et_pb_section fb_built=&#8221;1&#8243; _builder_version=&#8221;4.16&#8243; global_colors_info=&#8221;{}&#8221;][et_pb_row _builder_version=&#8221;4.16&#8243; background_size=&#8221;initial&#8221; background_position=&#8221;top_left&#8221; background_repeat=&#8221;repeat&#8221; global_colors_info=&#8221;{}&#8221;][et_pb_column type=&#8221;4_4&#8243; _builder_version=&#8221;4.16&#8243; custom_padding=&#8221;|||&#8221; global_colors_info=&#8221;{}&#8221; custom_padding__hover=&#8221;|||&#8221;][et_pb_text _builder_version=&#8221;4.22.2&#8243; background_size=&#8221;initial&#8221; background_position=&#8221;top_left&#8221; background_repeat=&#8221;repeat&#8221; global_colors_info=&#8221;{}&#8221;]<\/p>\n<p>Nesta sec\u00e7\u00e3o, encontrar\u00e1 excurs\u00f5es personalizadas \u00e0 Noruega. Al\u00e9m de passar <strong>momentos fant\u00e1sticos<\/strong>, a Noruega tamb\u00e9m nos oferece a possibilidade de desfrutar de\u00a0<strong>diferentes atrac\u00e7\u00f5es<\/strong>\u00a0ao longo do ano, j\u00e1 que um dos aspectos mais m\u00e1gicos deste pa\u00eds \u00e9 que cada uma das esta\u00e7\u00f5es oferece diferentes actividades e atrac\u00e7\u00f5es para que possamos aproveitar ao m\u00e1ximo o nosso passeio pela Noruega. Al\u00e9m disso\u00a0<a title=\"todas las ciudades importantes de Noruega\" href=\"https:\/\/www.noruegatours.com\/pt-pt\/cidades-da-noruega\/\">todas as grandes cidades da Noruega<\/a>\u00a0abrem as suas portas para que possamos explorar as suas ruas, conhecer a sua cultura e tradi\u00e7\u00f5es e desfrutar do melhor da gastronomia norueguesa.<\/p>\n<p><\/p>\n<p>Al\u00e9m disso, para tirar o m\u00e1ximo partido das nossas viagens personalizadas \u00e0 Noruega e visitar os locais mais fant\u00e1sticos desta na\u00e7\u00e3o, \u00e9 melhor organizar uma viagem com base na experi\u00eancia dos melhores especialistas, uma vez que estes conhecem todos os cantos da Noruega e sabem quais s\u00e3o as melhores experi\u00eancias que podemos viver num pa\u00eds t\u00e3o maravilhoso e surpreendente como a Noruega.<\/p>\n<p><\/p>\n<h2>Excurs\u00f5es personalizadas \u00e0 Noruega<\/h2>\n<p><\/p>\n<p>Como j\u00e1 referimos, a Noruega sempre foi um pa\u00eds fant\u00e1stico, cheio de\u00a0<strong>atrac\u00e7\u00f5es naturais e culturais<\/strong>, raz\u00e3o pela qual <a href=\"https:\/\/www.noruegatours.com\/pt-pt\/\">viajar para a Noruega<\/a>  est\u00e1 no topo da lista de destinos tur\u00edsticos ano ap\u00f3s ano. E h\u00e1 tantas atrac\u00e7\u00f5es e cidades para visitar que a melhor coisa a fazer \u00e9 planejar a sua viagem e escolher uma ou mais experi\u00eancias que lhe permitam viver a vida na Noruega ao m\u00e1ximo.<\/p>\n<p><\/p>\n<p>Aqui est\u00e3o algumas das <strong>melhores excurs\u00f5es personalizadas \u00e0 Noruega<\/strong> que pode experimentar.<\/p>\n<p><\/p>\n<h2>Excurs\u00f5es personalizadas e excurs\u00f5es \u00e0 Noruega e aos fiordes<\/h2>\n<p><\/p>\n<p>Os\u00a0<strong>fiordes da Noruega<\/strong>\u00a0 s\u00e3o famosos por oferecerem as vistas mais deslumbrantes que se possa imaginar. A extens\u00e3o destas forma\u00e7\u00f5es permite-nos admirar as aldeias contrastantes, a beleza natural, as quedas de \u00e1gua e as montanhas imponentes que dominam as margens dos fiordes. A melhor coisa sobre os \u00a0<a title=\"fiordos noruegos\" href=\"https:\/\/www.noruegatours.com\/pt-pt\/fiordes-noruegueses\/\"> fiordes noruegueses <\/a>\u00a0\u00e9 que s\u00e3o bonitos em todas as \u00e9pocas do ano, por isso, independentemente da esta\u00e7\u00e3o que escolher, os fiordes ir\u00e3o sempre surpreend\u00ea-lo. Assim, poder\u00e1 visitar fiordes famosos como o Fiorde dos Sonhos ou o <a href=\"https:\/\/es.wikipedia.org\/wiki\/Lysefjord\" rel=\"noopener\">Fiorde da Luz.<\/a><\/p>\n<p><\/p>\n<p>&nbsp;<\/p>\n<p><\/p>\n<h2>Baleias e aurora boreal no outono<\/h2>\n<p><\/p>\n<p>Um dos espect\u00e1culos mais impressionantes para os viajantes \u00e9, sem d\u00favida, <strong>a aurora boreal.<\/strong>\u00a0Quando estas luzes iluminam o c\u00e9u noruegu\u00eas, \u00e9 como se o tempo tivesse parado, pois trata-se de um fen\u00f3meno natural \u00fanico e inesquec\u00edvel.<\/p>\n<p><\/p>\n<p>Al\u00e9m disso, esta experi\u00eancia pode ser vivida numa das mais belas esta\u00e7\u00f5es do ano, uma vez que \u00e9 poss\u00edvel admirar a aurora boreal a partir do outono. Para al\u00e9m de apreciar as cores da aurora boreal e os tons do outono, poder\u00e1 ainda aventurar-se num \u00a0<strong>safari de observa\u00e7\u00e3o de baleias<\/strong>\u00a0para admirar as baleias que cruzam os mares noruegueses nesta altura do ano.<\/p>\n<p><\/p>\n<p>&nbsp;<\/p>\n<p><\/p>\n<h2>Magia do \u00c1rtico<\/h2>\n<p><\/p>\n<p>A\u00a0<strong>regi\u00e3o norte da Noruega<\/strong>\u00a0\u00e9 ideal para quem quer conhecer cidades din\u00e2micas, desfrutar da natureza \u00fanica do pa\u00eds e conhecer de perto a cultura e tradi\u00e7\u00e3o norueguesas. Esta experi\u00eancia permitir-nos-\u00e1 visitar cidades aclamadas como\u00a0<a title=\"Troms\u00f8\" href=\"https:\/\/www.noruegatours.com\/pt-pt\/tromso\/\"><strong>Troms\u00f8<\/strong><\/a>, onde poderemos ficar alojados em hot\u00e9is de n\u00edvel internacional, visitar museus e galerias de arte e apreciar o melhor da gastronomia norueguesa.<\/p>\n<p><\/p>\n<p>Outras cidades que podemos visitar com esta experi\u00eancia s\u00e3o as\u00a0<a title=\"islas Lofoten\" href=\"https:\/\/www.noruegatours.com\/viajar-a-lofoten\/\"><strong>Ilhas Lofoten<\/strong><\/a>, um dos arquip\u00e9lagos mais bonitos da Noruega. E, claro, n\u00e3o nos podemos esquecer de visitar as cidades de Svolv\u00e6r e Harstad, onde teremos a oportunidade de nos aventurarmos numa pequena atividade de vela. Al\u00e9m disso, com esta experi\u00eancia, podemos conhecer de perto uma das comunidades Sami (o povo ind\u00edgena da Noruega), visitar uma quinta de renas e divertir-nos com as melhores actividades culturais.<\/p>\n<p><\/p>\n<p>&nbsp;<\/p>\n<p><\/p>\n<h2>Experi\u00eancias cl\u00e1ssicas<\/h2>\n<p><\/p>\n<p>As experi\u00eancias cl\u00e1ssicas permitir-lhe-\u00e3o conhecer alguns dos locais mais famosos e reconhecidos da Noruega. Estas aventuras permitir-lhe-\u00e3o explorar alguns dos <strong>fiordes mais famosos da Noruega<\/strong>, como os que se encontram perto da <strong>da cidade de Bergen<\/strong>. Para al\u00e9m disso, a cidade de Bergen despertar\u00e1 todos os nossos sentidos, pois aqui podemos desfrutar da gastronomia mundialmente famosa, podemos admirar a arte que se destaca nos seus museus e podemos tamb\u00e9m maravilhar-nos com as vistas do funicular Fl\u00f8ibanen.<\/p>\n<p><\/p>\n<p>Esta experi\u00eancia tamb\u00e9m nos levar\u00e1 a um dos mais famosos passeios de comboio, a\u00a0<strong>Rota Ferrovi\u00e1ria de Fl\u00e5m<\/strong>. A partir daqui, poderemos admirar o lado mais natural e belo da paisagem norueguesa e poderemos tamb\u00e9m maravilhar-nos com as vistas do miradouro de Stegastein. Para al\u00e9m de admirarmos as paisagens norueguesas, teremos tamb\u00e9m a oportunidade de visitar a povoa\u00e7\u00e3o viking de Njardarheimr e o Museu do Navio Viking.<\/p>\n<p><\/p>\n<p>&nbsp;<\/p>\n<p><\/p>\n<h2>A vibrante capital da Noruega<\/h2>\n<p><\/p>\n<p>E n\u00e3o podemos passar pela Noruega sem visitar a sua vibrante capital, pois\u00a0<a title=\"Oslo\" href=\"https:\/\/www.noruegatours.com\/pt-pt\/viajar-para-oslo\/\"><strong>Oslo<\/strong><\/a>\u00a0\u00e9 uma das cidades mais incr\u00edveis, que oferece uma mistura perfeita entre o lado natural e o urbano das terras norueguesas. Para al\u00e9m disso, esta cidade foi reconhecida como a Capital Verde Europeia em 2019, por isso \u00e9 incr\u00edvel visitar uma capital que procura o equil\u00edbrio com a natureza e onde se preocupam com a sustentabilidade.<\/p>\n<p><\/p>\n<p>\u00c9 por isso que esta experi\u00eancia nos permitir\u00e1 desfrutar da\u00a0<strong>atmosfera din\u00e2mica de Oslo<\/strong>, poderemos passear pelas suas muitas ruas e bairros onde abundam a arte, os sabores e as melhores actividades de entretenimento.<\/p>\n<p><\/p>\n<p><a title=\"Visitar a Noruega\" href=\"https:\/\/www.noruegatours.com\/que-ver-en-noruega\/\">Visitar a Noruega <\/a>\u00a0\u00e9 uma das melhores experi\u00eancias que se pode ter, pois cada regi\u00e3o desta na\u00e7\u00e3o est\u00e1 envolta na magia que s\u00f3 as terras escandinavas podem ter. Assim, depois de fazer as malas, estaremos prontos para as melhores experi\u00eancias, desde passeios pelos fiordes de cortar a respira\u00e7\u00e3o, aventuras em busca da aurora boreal, safaris de baleias, rotas de comboio, actividades de caminhadas, regi\u00f5es repletas de cultura e express\u00e3o art\u00edstica, at\u00e9 visitas \u00e0s cidades mais vibrantes da Europa. O que espera para conhecer as terras norueguesas?<\/p>\n<p><\/p>\n<div data-src=\"https:\/\/cdn.trustindex.io\/loader.js?927740820289477e0d763d6fac5\"><\/div>\n<p>[\/et_pb_text][\/et_pb_column][\/et_pb_row][\/et_pb_section]<\/p>\n","protected":false},"excerpt":{"rendered":"<p>Nesta sec\u00e7\u00e3o, encontrar\u00e1 excurs\u00f5es personalizadas \u00e0 Noruega. Al\u00e9m de passar momentos fant\u00e1sticos, a Noruega tamb\u00e9m nos oferece a possibilidade de desfrutar de\u00a0diferentes atrac\u00e7\u00f5es\u00a0ao longo do ano, j\u00e1 que um dos aspectos mais m\u00e1gicos deste pa\u00eds \u00e9 que cada uma das esta\u00e7\u00f5es oferece diferentes actividades e atrac\u00e7\u00f5es para que possamos aproveitar ao m\u00e1ximo o nosso passeio [&hellip;]<\/p>\n","protected":false},"author":1,"featured_media":254432,"parent":0,"menu_order":0,"comment_status":"closed","ping_status":"closed","template":"","meta":{"_acf_changed":false,"_et_pb_use_builder":"on","_et_pb_old_content":"","_et_gb_content_width":"","inline_featured_image":false,"footnotes":""},"difl_page_category":[],"class_list":["post-254424","page","type-page","status-publish","has-post-thumbnail","hentry"],"acf":[],"_links":{"self":[{"href":"https:\/\/www.noruegatours.com\/pt-pt\/wp-json\/wp\/v2\/pages\/254424","targetHints":{"allow":["GET"]}}],"collection":[{"href":"https:\/\/www.noruegatours.com\/pt-pt\/wp-json\/wp\/v2\/pages"}],"about":[{"href":"https:\/\/www.noruegatours.com\/pt-pt\/wp-json\/wp\/v2\/types\/page"}],"author":[{"embeddable":true,"href":"https:\/\/www.noruegatours.com\/pt-pt\/wp-json\/wp\/v2\/users\/1"}],"replies":[{"embeddable":true,"href":"https:\/\/www.noruegatours.com\/pt-pt\/wp-json\/wp\/v2\/comments?post=254424"}],"version-history":[{"count":17,"href":"https:\/\/www.noruegatours.com\/pt-pt\/wp-json\/wp\/v2\/pages\/254424\/revisions"}],"predecessor-version":[{"id":254449,"href":"https:\/\/www.noruegatours.com\/pt-pt\/wp-json\/wp\/v2\/pages\/254424\/revisions\/254449"}],"wp:featuredmedia":[{"embeddable":true,"href":"https:\/\/www.noruegatours.com\/pt-pt\/wp-json\/wp\/v2\/media\/254432"}],"wp:attachment":[{"href":"https:\/\/www.noruegatours.com\/pt-pt\/wp-json\/wp\/v2\/media?parent=254424"}],"wp:term":[{"taxonomy":"difl_page_category","embeddable":true,"href":"https:\/\/www.noruegatours.com\/pt-pt\/wp-json\/wp\/v2\/difl_page_category?post=254424"}],"curies":[{"name":"wp","href":"https:\/\/api.w.org\/{rel}","templated":true}]}}