{"id":254325,"date":"2025-09-01T10:17:20","date_gmt":"2025-09-01T08:17:20","guid":{"rendered":"https:\/\/www.noruegatours.com\/expedicoes-de-barco\/"},"modified":"2025-09-08T12:14:26","modified_gmt":"2025-09-08T10:14:26","slug":"expedicoes-de-barco","status":"publish","type":"page","link":"https:\/\/www.noruegatours.com\/pt-pt\/expedicoes-de-barco\/","title":{"rendered":"Expedi\u00e7\u00f5es de barco"},"content":{"rendered":"<p>[et_pb_section fb_built=&#8221;1&#8243; admin_label=&#8221;section&#8221; _builder_version=&#8221;4.16&#8243; global_colors_info=&#8221;{}&#8221;][et_pb_row admin_label=&#8221;row&#8221; _builder_version=&#8221;4.16&#8243; background_size=&#8221;initial&#8221; background_position=&#8221;top_left&#8221; background_repeat=&#8221;repeat&#8221; hover_enabled=&#8221;0&#8243; global_colors_info=&#8221;{}&#8221; sticky_enabled=&#8221;0&#8243;][et_pb_column type=&#8221;4_4&#8243; _builder_version=&#8221;4.16&#8243; custom_padding=&#8221;|||&#8221; global_colors_info=&#8221;{}&#8221; custom_padding__hover=&#8221;|||&#8221;][et_pb_text _builder_version=&#8221;4.27.3&#8243; _module_preset=&#8221;default&#8221; hover_enabled=&#8221;0&#8243; sticky_enabled=&#8221;0&#8243;]<\/p>\n<h3><strong>Descubra a magia dos fiordes noruegueses<\/strong><\/h3>\n<p><\/p>\n<p><span style=\"font-weight: 400;\">Os <a href=\"https:\/\/www.noruegatours.com\/pt-pt\/fiordes-noruegueses\/\">fiordes noruegueses<\/a>, Patrim\u00f3nio Mundial da UNESCO, s\u00e3o o cora\u00e7\u00e3o de muitas das nossas expedi\u00e7\u00f5es \u00e0 vela. Estes vales profundos, esculpidos por glaciares h\u00e1 milhares de anos, s\u00e3o um espet\u00e1culo natural que cativa viajantes de todo o mundo. Ao navegar pelas suas \u00e1guas tranquilas, ir\u00e1 maravilhar-se com os penhascos imponentes, as cascatas que desaguam no mar e as pequenas aldeias pitorescas aninhadas ao longo dos fiordes.<\/span><\/p>\n<p><\/p>\n<p><span data-sheets-root=\"1\">Entre os destinos mais emblem\u00e1ticos que pode explorar est\u00e3o o Fiorde de Geiranger, famoso pelas suas cascatas como as &#8220;Sete Irm\u00e3s&#8221;, e o Fiorde de Sognefjord, o mais longo e profundo da Noruega. Cada canto destes fiordes tem a sua pr\u00f3pria hist\u00f3ria e magia, proporcionando uma experi\u00eancia \u00fanica em cada viagem.<\/span><\/p>\n<p><\/p>\n<h3><b>Aurora Boreal e Sol da Meia-Noite<\/b><\/h3>\n<p><\/p>\n<p><span data-sheets-root=\"1\">Uma das grandes atra\u00e7\u00f5es das expedi\u00e7\u00f5es de vela na Noruega \u00e9 a oportunidade de testemunhar dois dos fen\u00f3menos naturais mais incr\u00edveis do planeta: a Aurora Boreal e o Sol da Meia-Noite. Durante os meses de inverno, os c\u00e9us do norte da Noruega s\u00e3o iluminados pelas cores hipnotizantes das auroras boreais, um espet\u00e1culo que pode apreciar a partir do conv\u00e9s do barco, longe da polui\u00e7\u00e3o luminosa.<\/span><\/p>\n<p><\/p>\n<p><span data-sheets-root=\"1\">Durante o ver\u00e3o, por\u00e9m, o sol da meia-noite ir\u00e1 acompanh\u00e1-lo enquanto navega pela costa norueguesa. Este fen\u00f3meno, onde o sol nunca se p\u00f5e, preenche os seus dias de explora\u00e7\u00e3o com energia e luz infinita, permitindo-lhe apreciar a beleza da Noruega de uma perspetiva completamente diferente.<\/span><\/p>\n<p><\/p>\n<h3><b>Aventura e conforto a bordo<\/b><\/h3>\n<p><\/p>\n<p><span data-sheets-root=\"1\">As nossas expedi\u00e7\u00f5es s\u00e3o planejadas para garantir que aproveita ao m\u00e1ximo a aventura e o conforto. Os navios que utilizamos oferecem instala\u00e7\u00f5es modernas e acolhedoras, incluindo cabines com vistas espetaculares, restaurantes que servem deliciosa <a href=\"https:\/\/www.noruegatours.com\/pt-pt\/gastronomia-norueguesa\/\">cozinha<\/a> local e internacional e \u00e1reas comuns onde pode relaxar e partilhar as suas experi\u00eancias com outros viajantes.<\/span><\/p>\n<p><\/p>\n<p><span data-sheets-root=\"1\">Al\u00e9m disso, muitas das nossas viagens contam com guias especializados que o acompanhar\u00e3o ao longo de toda a viagem, partilhando hist\u00f3rias fascinantes sobre a hist\u00f3ria, a cultura e a natureza da Noruega. Em alguns percursos, ter\u00e1 tamb\u00e9m a oportunidade de participar em atividades como caiaque, pesca ou excurs\u00f5es em terra, acrescentando um toque extra de aventura \u00e0 sua experi\u00eancia.<\/span><\/p>\n<p><\/p>\n<h3><b>Destinos para al\u00e9m dos fiordes<\/b><\/h3>\n<p><\/p>\n<p><span data-sheets-root=\"1\">Embora os fiordes sejam o ep\u00edtome das expedi\u00e7\u00f5es de barco, a Noruega oferece muito mais para explorar a partir do mar. O arquip\u00e9lago de <a href=\"https:\/\/www.noruegatours.com\/pt-pt\/lofoten\/\">Lofoten<\/a>, com as suas imponentes montanhas e \u00e1guas cristalinas, \u00e9 um para\u00edso para os amantes da fotografia e da natureza. As Ilhas Svalbard, localizadas no \u00c1rtico, oferecem a oportunidade de avistar ursos polares, morsas e outros animais \u00fanicos no seu habitat natural.<\/span><\/p>\n<p><\/p>\n<p><span data-sheets-root=\"1\">Se prefere uma experi\u00eancia mais cultural, cidades costeiras como <a href=\"https:\/\/www.noruegatours.com\/pt-pt\/bergen\/\">Bergen<\/a>, Troms\u00f8 e \u00c5lesund esperam por si com a sua arquitetura encantadora, hist\u00f3ria rica e um calor que contrasta com o frio clima n\u00f3rdico.<\/span><\/p>\n<p><\/p>\n<h3><b>Uma experi\u00eancia para todos os viajantes<\/b><\/h3>\n<p><\/p>\n<p><span data-sheets-root=\"1\">Seja para uma viagem luxuosa e relaxante ou para uma emocionante aventura na natureza, as nossas expedi\u00e7\u00f5es \u00e0 vela norueguesa t\u00eam algo para si. A flexibilidade das nossas rotas e a variedade de op\u00e7\u00f5es dispon\u00edveis garantem que cada viajante encontra a experi\u00eancia perfeita para os seus gostos e interesses. Quer viaje sozinho, em casal, com amigos ou em fam\u00edlia, esta ser\u00e1 uma viagem inesquec\u00edvel.<\/span><\/p>\n<p><\/p>\n<h3><b>Embarque na sua aventura<\/b><\/h3>\n<p><\/p>\n<p><span data-sheets-root=\"1\">Explorar a Noruega a partir do mar \u00e9 uma experi\u00eancia que o vai conectar com a ess\u00eancia deste pa\u00eds: a sua natureza selvagem, a sua rica hist\u00f3ria e as suas paisagens inesquec\u00edveis. Na Norway Tours, somos especialistas na cria\u00e7\u00e3o de viagens personalizadas que combinam aventura, conforto e descoberta.<\/span><\/p>\n<p><\/p>\n<p><span data-sheets-root=\"1\">Prepare-se para embarcar numa expedi\u00e7\u00e3o \u00fanica, onde cada dia traz uma nova maravilha para descobrir. Deixe que o mar o guie pelos segredos mais bem guardados da Noruega e viva uma aventura que transformar\u00e1 a sua vis\u00e3o do mundo. A sua pr\u00f3xima grande hist\u00f3ria come\u00e7a aqui!<\/span><\/p>\n<p>[\/et_pb_text][\/et_pb_column][\/et_pb_row][\/et_pb_section]<\/p>\n","protected":false},"excerpt":{"rendered":"<p>Descubra a magia dos fiordes norueguesesOs fiordes noruegueses, Patrim\u00f3nio Mundial da UNESCO, s\u00e3o o cora\u00e7\u00e3o de muitas das nossas expedi\u00e7\u00f5es \u00e0 vela. Estes vales profundos, esculpidos por glaciares h\u00e1 milhares de anos, s\u00e3o um espet\u00e1culo natural que cativa viajantes de todo o mundo. Ao navegar pelas suas \u00e1guas tranquilas, ir\u00e1 maravilhar-se com os penhascos imponentes, [&hellip;]<\/p>\n","protected":false},"author":1,"featured_media":0,"parent":0,"menu_order":0,"comment_status":"closed","ping_status":"closed","template":"","meta":{"_acf_changed":false,"_et_pb_use_builder":"on","_et_pb_old_content":"","_et_gb_content_width":"","inline_featured_image":false,"footnotes":""},"difl_page_category":[],"class_list":["post-254325","page","type-page","status-publish","hentry"],"acf":[],"_links":{"self":[{"href":"https:\/\/www.noruegatours.com\/pt-pt\/wp-json\/wp\/v2\/pages\/254325","targetHints":{"allow":["GET"]}}],"collection":[{"href":"https:\/\/www.noruegatours.com\/pt-pt\/wp-json\/wp\/v2\/pages"}],"about":[{"href":"https:\/\/www.noruegatours.com\/pt-pt\/wp-json\/wp\/v2\/types\/page"}],"author":[{"embeddable":true,"href":"https:\/\/www.noruegatours.com\/pt-pt\/wp-json\/wp\/v2\/users\/1"}],"replies":[{"embeddable":true,"href":"https:\/\/www.noruegatours.com\/pt-pt\/wp-json\/wp\/v2\/comments?post=254325"}],"version-history":[{"count":11,"href":"https:\/\/www.noruegatours.com\/pt-pt\/wp-json\/wp\/v2\/pages\/254325\/revisions"}],"predecessor-version":[{"id":254592,"href":"https:\/\/www.noruegatours.com\/pt-pt\/wp-json\/wp\/v2\/pages\/254325\/revisions\/254592"}],"wp:attachment":[{"href":"https:\/\/www.noruegatours.com\/pt-pt\/wp-json\/wp\/v2\/media?parent=254325"}],"wp:term":[{"taxonomy":"difl_page_category","embeddable":true,"href":"https:\/\/www.noruegatours.com\/pt-pt\/wp-json\/wp\/v2\/difl_page_category?post=254325"}],"curies":[{"name":"wp","href":"https:\/\/api.w.org\/{rel}","templated":true}]}}