{"id":249137,"date":"2025-01-21T16:31:43","date_gmt":"2025-01-21T15:31:43","guid":{"rendered":"https:\/\/www.noruegatours.com\/agencia-de-viagens-especializada-na-noruega\/"},"modified":"2025-01-21T16:31:46","modified_gmt":"2025-01-21T15:31:46","slug":"agencia-de-viagens-especializada-na-noruega","status":"publish","type":"page","link":"https:\/\/www.noruegatours.com\/pt-pt\/agencia-de-viagens-especializada-na-noruega\/","title":{"rendered":"Ag\u00eancia de viagens especializada na Noruega"},"content":{"rendered":"<p>[et_pb_section fb_built=&#8221;1&#8243; _builder_version=&#8221;4.16&#8243; custom_padding=&#8221;52px|0px|0|0px|false|false&#8221; global_colors_info=&#8221;{}&#8221;][et_pb_row _builder_version=&#8221;4.16&#8243; custom_padding=&#8221;0|0px|0|0px|false|false&#8221; global_colors_info=&#8221;{}&#8221;][et_pb_column type=&#8221;4_4&#8243; _builder_version=&#8221;4.16&#8243; custom_padding=&#8221;|||&#8221; global_colors_info=&#8221;{}&#8221; custom_padding__hover=&#8221;|||&#8221;][et_pb_text _builder_version=&#8221;4.24.0&#8243; header_text_align=&#8221;center&#8221; header_text_color=&#8221;#ca4740&#8243; header_font_size=&#8221;50px&#8221; z_index_tablet=&#8221;500&#8243; global_colors_info=&#8221;{}&#8221;]<\/p>\n<h1 style=\"text-align: center;\">Ag\u00eancia de viagens especializada na Noruega<\/h1>\n<p>[\/et_pb_text][et_pb_text _builder_version=&#8221;4.24.0&#8243; text_font=&#8221;||||||||&#8221; header_2_text_color=&#8221;#ca4740&#8243; text_orientation=&#8221;center&#8221; custom_padding=&#8221;||39px|||&#8221; global_colors_info=&#8221;{}&#8221;]<\/p>\n<p><span data-sheets-root=\"1\">Para muitos, viajar para a Noruega \u00e9 o sonho perfeito, e na Noruega Tours, sua ag\u00eancia de viagens especializada na Noruega, n\u00f3s tornamos seu sonho realidade. \u00c9 por isso que oferecemos diferentes tipos de viagens, destinos variados e as experi\u00eancias mais marcantes.<\/span><\/p>\n<p><span data-sheets-root=\"1\">Viajar para um dos pa\u00edses mais lindos do mundo, com tantas coisas para fazer e ver, pode n\u00e3o ser t\u00e3o f\u00e1cil. E embora voc\u00ea queira fazer a viagem da sua vida, certamente n\u00e3o vai querer perder a melhor parte.<\/span><\/p>\n<p><span data-sheets-root=\"1\">Se voc\u00ea quer fazer uma viagem de aventura para a terra da aurora boreal, vivenciar uma noite polar ou ver o sol da meia-noite, voc\u00ea definitivamente precisa visitar a Noruega. Tudo o que voc\u00ea precisa fazer \u00e9 escolher a \u00e9poca, decidir como deseja aproveitar o pa\u00eds dos ic\u00f4nicos fiordes noruegueses e, \u00e9 claro, entrar em contato conosco. Na Noruega Tours, cuidamos do resto, porque, acredite ou n\u00e3o, a Noruega est\u00e1 muito mais perto do que voc\u00ea imagina, e n\u00f3s o aproximamos muito mais.<\/span><\/p>\n<p><span data-sheets-root=\"1\">Com a Noruega Tours, sua ag\u00eancia de viagens especializada na Noruega, voc\u00ea tem a garantia de uma viagem perfeita. Viaje para Oslo, para a bela Bergen, para Tromso ou para qualquer outro canto da Noruega e aproveite ao m\u00e1ximo com o toque de um dedo, o resto \u00e9 conosco. N\u00f3s lhe garantimos os melhores dias de sua vida, as visitas mais espetaculares, as viagens de tirar o f\u00f4lego e as experi\u00eancias que s\u00f3 s\u00e3o poss\u00edveis na Noruega.<\/span><\/p>\n<p>&nbsp;<\/p>\n<h2><strong>Por que fazer uma viagem \u00e0 Noruega?<\/strong><\/h2>\n<p>&nbsp;<\/p>\n<p><span data-sheets-root=\"1\">Com certeza, uma viagem \u00e0 Noruega \u00e9 uma experi\u00eancia inesquec\u00edvel, fascinante e emocionante. Conhecer esse pa\u00eds escandinavo, visitar alguns dos lugares mais impressionantes do C\u00edrculo Polar \u00c1rtico, como as Ilhas Svalbard, as Ilhas Lofoten, o Cabo Norte, entre outros, e visitar cada uma das belas vilas e cidades norueguesas \u00e9 uma aventura emocionante e incr\u00edvel que vale a pena ser vivida pelo menos uma vez na vida.<\/span><\/p>\n<p><span data-sheets-root=\"1\">Tudo isso e muito mais pode se tornar realidade quando voc\u00ea tem os melhores guias e especialistas em viagens \u00e0 Noruega prontos para mostrar o que fazer e o que ver na Noruega de uma maneira diferente. Na Noruega Tours, oferecemos a voc\u00ea as melhores op\u00e7\u00f5es de viagem para conhecer e aproveitar um dos melhores pa\u00edses do mundo.<\/span><\/p>\n<p><span data-sheets-root=\"1\">A partir de sua ag\u00eancia de viagens especializada na Noruega, n\u00f3s o levamos a todos os cantos da Noruega e garantimos que voc\u00ea aproveite ao m\u00e1ximo cada estadia. Para n\u00f3s, toda viagem \u00e9 uma aventura e sempre temos algo novo a oferecer. A Noruega \u00e9 um pa\u00eds encantado e, na Noruega Tours, nos esfor\u00e7amos para tornar sua estada um conto de fadas em realidade. A diferen\u00e7a \u00e9 que essa \u00e9 uma realidade que voc\u00ea nunca esquecer\u00e1, a experi\u00eancia \u00e9 simplesmente extraordin\u00e1ria!<\/span><\/p>\n<p><span data-sheets-root=\"1\">H\u00e1 muitos motivos para se apaixonar pela Noruega: beleza, mist\u00e9rio, aventura, sil\u00eancio, tranquilidade, adrenalina, emo\u00e7\u00e3o e muito mais. Um pa\u00eds rico em natureza e inundado em uma cultura sobre a qual seu povo tem muito a contar e n\u00f3s temos muito a descobrir. Suas paisagens s\u00e3o espetaculares, \u00e9 imposs\u00edvel ficar indiferente a tanta beleza: lindas geleiras, cachoeiras incr\u00edveis, fiordes majestosos e parques naturais intermin\u00e1veis que tiram o f\u00f4lego de qualquer um que tenha a sorte de entrar na Noruega.<\/span><\/p>\n<p>&nbsp;<\/p>\n<h2><strong>Quando voc\u00ea pode viajar para a Noruega?<\/strong><\/h2>\n<p>&nbsp;<\/p>\n<p><span data-sheets-root=\"1\">Estamos convencidos de que a melhor \u00e9poca para viajar para a Noruega \u00e9 o ano todo, pois a Noruega pode ser apreciada durante todos os meses e esta\u00e7\u00f5es. No entanto, isso tamb\u00e9m pode depender do que voc\u00ea deseja fazer na Noruega. Se seu objetivo \u00e9 aproveitar ao m\u00e1ximo as atividades de inverno, o inverno \u00e9 definitivamente a melhor \u00e9poca para viajar.<\/span><\/p>\n<p><span data-sheets-root=\"1\">Se, por outro lado, voc\u00ea quiser conhecer o sol da meia-noite, considere viajar quando as noites ficam mais curtas e os dias mais longos. Entretanto, independentemente da esta\u00e7\u00e3o do ano que escolher para visitar a Noruega, voc\u00ea sempre encontrar\u00e1 paisagens \u00fanicas e muitas atra\u00e7\u00f5es. N\u00e3o haver\u00e1 nada a invejar em nenhuma esta\u00e7\u00e3o &#8211; cada experi\u00eancia ser\u00e1 \u00fanica e diferente. O importante \u00e9 que entre em contato conosco a tempo de lhe dar a orienta\u00e7\u00e3o necess\u00e1ria para que sua viagem seja a melhor poss\u00edvel.<\/span><\/p>\n<p>&nbsp;<\/p>\n<h2><strong>Por que nos escolher?<\/strong><\/h2>\n<p>&nbsp;<\/p>\n<p><span data-sheets-root=\"1\">Somos a melhor ag\u00eancia de viagens especializada na Noruega. Conhecemos a Noruega de leste a oeste e de norte a sul, desde os vilarejos mais charmosos nos fiordes noruegueses at\u00e9 os vilarejos mais remotos acima do C\u00edrculo Polar \u00c1rtico. Somos uma equipe apaixonada por esse pa\u00eds, e isso nos fez viajar e conhec\u00ea-lo por completo. Somos apaixonados pela Noruega, sua cultura \u00e9 impressionante, suas paisagens s\u00e3o \u00fanicas e seu povo tem arte, hist\u00f3ria e costumes impressos que o tornam especial.<\/span><\/p>\n<p><span data-sheets-root=\"1\">O mais bonito de tudo \u00e9 que a experi\u00eancia que oferecemos \u00e9 parte do que vivemos todos os dias e do que temos para compartilhar. A Noruega nunca deixa de nos empolgar em cada viagem, \u00e9 sempre diferente, porque tudo muda e, mesmo que admiremos seus fiordes ou suas paisagens mil vezes mais, sempre haver\u00e1 muito a descobrir.<\/span><\/p>\n<p><span data-sheets-root=\"1\">Somos embaixadores das riquezas tur\u00edsticas do pa\u00eds e ficamos felizes em poder agrad\u00e1-lo. Na Noruega Tours, nos definimos como uma boutique de viagens especializada na Noruega, formada por uma equipe jovem e din\u00e2mica de profissionais. Nosso principal objetivo \u00e9 organizar uma viagem sob medida, oferecendo um servi\u00e7o completo e personalizado.<\/span><\/p>\n<p><span data-sheets-root=\"1\">Todos os dias aprendemos com nossos clientes e nos esfor\u00e7amos para oferecer o melhor servi\u00e7o. Acreditamos em um gerenciamento eficaz e personalizado, estando presentes em todas as etapas do projeto para garantir a qualidade oferecida.<\/span><\/p>\n<p><span data-sheets-root=\"1\">Damos a m\u00e1xima aten\u00e7\u00e3o e cuidado a cada detalhe de nosso trabalho, mantendo um relacionamento pr\u00f3ximo com nossos clientes, o que nos d\u00e1 a mesma confian\u00e7a que cada um deles deposita em n\u00f3s em cada novo projeto.<\/span><\/p>\n<p><span data-sheets-root=\"1\">Vivemos cada detalhe com paix\u00e3o e sentimos a Noruega como se fosse nossa e, mais do que um trabalho, para n\u00f3s, viajar para a Noruega \u00e9 uma grande aventura; e queremos que voc\u00ea tamb\u00e9m a sinta, assim como n\u00f3s a sentimos.<\/span><\/p>\n<p>&nbsp;<\/p>\n<p>[\/et_pb_text][\/et_pb_column][\/et_pb_row][\/et_pb_section][et_pb_section fb_built=&#8221;1&#8243; prev_background_color=&#8221;#ffffff&#8221; _builder_version=&#8221;4.24.0&#8243; background_color=&#8221;#e6f5ff&#8221; custom_padding=&#8221;9px|0px|0|0px|false|false&#8221; top_divider_style=&#8221;curve2&#8243; border_color_top=&#8221;#E02B20&#8243; global_colors_info=&#8221;{}&#8221;][et_pb_row _builder_version=&#8221;4.24.0&#8243; custom_padding=&#8221;50px|0px|0|0px|false|false&#8221; global_colors_info=&#8221;{}&#8221;][et_pb_column type=&#8221;4_4&#8243; _builder_version=&#8221;4.16&#8243; custom_padding=&#8221;|||&#8221; global_colors_info=&#8221;{}&#8221; custom_padding__hover=&#8221;|||&#8221;][et_pb_text _builder_version=&#8221;4.24.0&#8243; header_font=&#8221;||||||||&#8221; header_2_font=&#8221;Antonio||||||||&#8221; header_2_text_color=&#8221;#ca4740&#8243; header_2_font_size=&#8221;50px&#8221; header_4_font=&#8221;||||||||&#8221; header_4_text_color=&#8221;#0c71c3&#8243; custom_margin=&#8221;||-17px|||&#8221; custom_padding=&#8221;||50px||false|false&#8221; header_2_font_size_tablet=&#8221;50px&#8221; header_2_font_size_phone=&#8221;40px&#8221; header_2_font_size_last_edited=&#8221;on|phone&#8221; global_colors_info=&#8221;{}&#8221;]<\/p>\n<h2 style=\"text-align: center;\">Quem somos n\u00f3s na Noruega Tours?<\/h2>\n<p>[\/et_pb_text][\/et_pb_column][\/et_pb_row][et_pb_row column_structure=&#8221;1_2,1_2&#8243; _builder_version=&#8221;4.24.0&#8243; background_color=&#8221;RGBA(255,255,255,0)&#8221; background_size=&#8221;initial&#8221; background_position=&#8221;top_left&#8221; background_repeat=&#8221;repeat&#8221; custom_margin=&#8221;2px|auto||auto|false|false&#8221; global_colors_info=&#8221;{}&#8221;][et_pb_column type=&#8221;1_2&#8243; _builder_version=&#8221;4.24.0&#8243; custom_padding=&#8221;|||&#8221; global_colors_info=&#8221;{}&#8221; custom_padding__hover=&#8221;|||&#8221;][et_pb_image src=&#8221;https:\/\/www.noruegatours.com\/wp-content\/uploads\/2022\/09\/noruegatours_team_davinia.png&#8221; title_text=&#8221;noruegatours_team_davinia&#8221; align=&#8221;center&#8221; align_tablet=&#8221;center&#8221; align_phone=&#8221;&#8221; align_last_edited=&#8221;on|desktop&#8221; _builder_version=&#8221;4.24.0&#8243; z_index_tablet=&#8221;500&#8243; border_radii=&#8221;on|60px|60px|60px|60px&#8221; border_width_all=&#8221;2px&#8221; border_color_all=&#8221;#E02B20&#8243; border_width_bottom=&#8221;6px&#8221; border_color_bottom=&#8221;#E02B20&#8243; global_colors_info=&#8221;{}&#8221;]<br \/>\n[\/et_pb_image][et_pb_text _builder_version=&#8221;4.24.0&#8243; text_font=&#8221;Antonio||||||||&#8221; text_text_color=&#8221;#E02B20&#8243; text_font_size=&#8221;24px&#8221; custom_margin=&#8221;||-2px|||&#8221; global_colors_info=&#8221;{}&#8221;]<\/p>\n<p style=\"text-align: center;\"><strong>Davinia Gimeno<\/strong><\/p>\n<p>[\/et_pb_text][et_pb_text _builder_version=&#8221;4.24.0&#8243; text_font=&#8221;||||||||&#8221; custom_margin=&#8221;||40px|||&#8221; custom_padding=&#8221;8px||1px|||&#8221; global_colors_info=&#8221;{}&#8221;]<\/p>\n<p style=\"text-align: center;\">Consultora de viagens<\/p>\n<p>[\/et_pb_text][et_pb_text _builder_version=&#8221;4.24.0&#8243; text_font=&#8221;Open Sans||||||||&#8221; text_text_color=&#8221;#011742&#8243; text_font_size=&#8221;16px&#8221; text_orientation=&#8221;center&#8221; custom_margin=&#8221;-40px|||&#8221; custom_padding=&#8221;||2px|||&#8221; z_index_tablet=&#8221;500&#8243; global_colors_info=&#8221;{}&#8221;]<\/p>\n<p style=\"text-align: center;\"><a href=\"https:\/\/www.noruegatours.com\/davinia-gimeno\/\">Conhe\u00e7a minha hist\u00f3ria<\/a><\/p>\n<p>[\/et_pb_text][\/et_pb_column][et_pb_column type=&#8221;1_2&#8243; _builder_version=&#8221;4.16&#8243; custom_padding=&#8221;|||&#8221; global_colors_info=&#8221;{}&#8221; custom_padding__hover=&#8221;|||&#8221;][et_pb_image src=&#8221;https:\/\/www.noruegatours.com\/wp-content\/uploads\/2022\/09\/noruegatours_team2_paola-.jpg&#8221; title_text=&#8221;noruegatours_team2_paola&#8221; align=&#8221;center&#8221; _builder_version=&#8221;4.24.0&#8243; _module_preset=&#8221;default&#8221; border_radii=&#8221;on|60px|60px|60px|60px&#8221; border_width_all=&#8221;2px&#8221; border_color_all=&#8221;#E02B20&#8243; border_width_bottom=&#8221;6px&#8221; global_colors_info=&#8221;{}&#8221;][\/et_pb_image][et_pb_text _builder_version=&#8221;4.24.0&#8243; _module_preset=&#8221;default&#8221; text_font=&#8221;Antonio||||||||&#8221; text_text_color=&#8221;#E02B20&#8243; text_font_size=&#8221;24px&#8221; custom_margin=&#8221;||1px|||&#8221; custom_padding=&#8221;||2px|||&#8221; global_colors_info=&#8221;{}&#8221;]<\/p>\n<p style=\"text-align: center;\"><b>Paola Gracia<\/b><\/p>\n<p>[\/et_pb_text][et_pb_text _builder_version=&#8221;4.24.0&#8243; _module_preset=&#8221;default&#8221; text_font=&#8221;||||||||&#8221; custom_padding=&#8221;3px||2px|||&#8221; global_colors_info=&#8221;{}&#8221;]<\/p>\n<p style=\"text-align: center;\">Consultora de viagens<\/p>\n<p>[\/et_pb_text][et_pb_text _builder_version=&#8221;4.19.4&#8243; text_font=&#8221;Open Sans||||||||&#8221; text_text_color=&#8221;#011742&#8243; text_font_size=&#8221;16px&#8221; text_orientation=&#8221;center&#8221; custom_margin=&#8221;-40px|||&#8221; custom_padding=&#8221;8px||8px|||&#8221; z_index_tablet=&#8221;500&#8243; global_colors_info=&#8221;{}&#8221;]<\/p>\n<p style=\"text-align: center;\"><a href=\"https:\/\/www.noruegatours.com\/paola-gracia\/\">Conhe\u00e7a minha hist\u00f3ria<\/a><\/p>\n<p>[\/et_pb_text][\/et_pb_column][\/et_pb_row][et_pb_row column_structure=&#8221;1_2,1_2&#8243; _builder_version=&#8221;4.24.0&#8243; background_color=&#8221;RGBA(255,255,255,0)&#8221; background_size=&#8221;initial&#8221; background_position=&#8221;top_left&#8221; background_repeat=&#8221;repeat&#8221; global_colors_info=&#8221;{}&#8221;][et_pb_column type=&#8221;1_2&#8243; _builder_version=&#8221;4.16&#8243; custom_padding=&#8221;|||&#8221; global_colors_info=&#8221;{}&#8221; custom_padding__hover=&#8221;|||&#8221;][et_pb_image src=&#8221;https:\/\/www.noruegatours.com\/wp-content\/uploads\/2019\/03\/DSC_5144_lucia-man\u0303as2.jpg&#8221; align=&#8221;center&#8221; align_tablet=&#8221;center&#8221; align_phone=&#8221;center&#8221; align_last_edited=&#8221;on|phone&#8221; _builder_version=&#8221;4.24.0&#8243; z_index_tablet=&#8221;500&#8243; border_radii=&#8221;on|60px|60px|60px|60px&#8221; border_width_all=&#8221;2px&#8221; border_color_all=&#8221;#E02B20&#8243; border_width_bottom=&#8221;6px&#8221; global_colors_info=&#8221;{}&#8221;][\/et_pb_image][et_pb_text _builder_version=&#8221;4.24.0&#8243; text_font=&#8221;Antonio||||||||&#8221; text_text_color=&#8221;#E02B20&#8243; text_font_size=&#8221;24px&#8221; text_orientation=&#8221;center&#8221; custom_margin=&#8221;||0px|||&#8221; z_index_tablet=&#8221;500&#8243; global_colors_info=&#8221;{}&#8221;]<\/p>\n<p style=\"text-align: center;\"><b>Luc\u00eda Ma\u00f1as<\/b><\/p>\n<p>[\/et_pb_text][et_pb_text _builder_version=&#8221;4.24.0&#8243; text_font=&#8221;||||||||&#8221; text_orientation=&#8221;center&#8221; custom_padding=&#8221;2px|||||&#8221; z_index_tablet=&#8221;500&#8243; global_colors_info=&#8221;{}&#8221;]<\/p>\n<p style=\"text-align: center;\"><span style=\"font-weight: 400;\">Consultora de viagens<\/span><\/p>\n<p>[\/et_pb_text][et_pb_text _builder_version=&#8221;4.16&#8243; text_font=&#8221;Open Sans||||||||&#8221; text_text_color=&#8221;#011742&#8243; text_font_size=&#8221;16px&#8221; custom_margin=&#8221;-40px|||&#8221; custom_padding=&#8221;8px|||||&#8221; z_index_tablet=&#8221;500&#8243; global_colors_info=&#8221;{}&#8221;]<\/p>\n<p style=\"text-align: center;\"><a href=\"https:\/\/www.noruegatours.com\/lucia-manas\/\">Conhe\u00e7a minha hist\u00f3ria<\/a><\/p>\n<p>[\/et_pb_text][\/et_pb_column][et_pb_column type=&#8221;1_2&#8243; _builder_version=&#8221;4.16&#8243; custom_padding=&#8221;|||&#8221; global_colors_info=&#8221;{}&#8221; custom_padding__hover=&#8221;|||&#8221;][et_pb_image src=&#8221;https:\/\/www.noruegatours.com\/wp-content\/uploads\/2019\/03\/DSC_5127_monica2.jpg&#8221; align=&#8221;center&#8221; align_tablet=&#8221;&#8221; align_phone=&#8221;center&#8221; align_last_edited=&#8221;on|tablet&#8221; _builder_version=&#8221;4.24.0&#8243; z_index_tablet=&#8221;500&#8243; border_radii=&#8221;on|60px|60px|60px|60px&#8221; border_width_all=&#8221;2px&#8221; border_color_all=&#8221;#E02B20&#8243; border_width_bottom=&#8221;6px&#8221; global_colors_info=&#8221;{}&#8221;]<br \/>\n[\/et_pb_image][et_pb_text _builder_version=&#8221;4.24.0&#8243; text_font=&#8221;Antonio||||||||&#8221; text_text_color=&#8221;#E02B20&#8243; text_font_size=&#8221;24px&#8221; text_orientation=&#8221;center&#8221; custom_margin=&#8221;||1px|||&#8221; z_index_tablet=&#8221;500&#8243; global_colors_info=&#8221;{}&#8221;]<\/p>\n<p style=\"text-align: center;\"><b>M\u00f3nica Ferrer<br \/><\/b><\/p>\n<p>[\/et_pb_text][et_pb_text _builder_version=&#8221;4.24.0&#8243; text_orientation=&#8221;center&#8221; z_index_tablet=&#8221;500&#8243; global_colors_info=&#8221;{}&#8221;]<\/p>\n<p style=\"text-align: center;\"><span style=\"font-weight: 400;\">Consultora de viagens<\/span><\/p>\n<p>[\/et_pb_text][\/et_pb_column][\/et_pb_row][et_pb_row column_structure=&#8221;1_2,1_2&#8243; _builder_version=&#8221;4.16&#8243; background_size=&#8221;initial&#8221; background_position=&#8221;top_left&#8221; background_repeat=&#8221;repeat&#8221; global_colors_info=&#8221;{}&#8221;][et_pb_column type=&#8221;1_2&#8243; _builder_version=&#8221;4.16&#8243; custom_padding=&#8221;|||&#8221; global_colors_info=&#8221;{}&#8221; custom_padding__hover=&#8221;|||&#8221;][et_pb_image src=&#8221;https:\/\/www.noruegatours.com\/wp-content\/uploads\/2024\/01\/noruegatours_maria_de_simon.png&#8221; alt=&#8221;maria de sim\u00f3n&#8221; title_text=&#8221;noruegatours_maria_de_simon&#8221; align=&#8221;center&#8221; align_tablet=&#8221;center&#8221; align_phone=&#8221;center&#8221; align_last_edited=&#8221;on|phone&#8221; _builder_version=&#8221;4.24.0&#8243; z_index_tablet=&#8221;500&#8243; border_radii=&#8221;on|60px|60px|60px|60px&#8221; border_width_all=&#8221;2px&#8221; border_color_all=&#8221;#E02B20&#8243; border_width_bottom=&#8221;6px&#8221; global_colors_info=&#8221;{}&#8221;][\/et_pb_image][et_pb_text _builder_version=&#8221;4.24.0&#8243; text_font=&#8221;Antonio||||||||&#8221; text_text_color=&#8221;#E02B20&#8243; text_font_size=&#8221;24px&#8221; text_orientation=&#8221;center&#8221; custom_margin=&#8221;||1px|||&#8221; z_index_tablet=&#8221;500&#8243; global_colors_info=&#8221;{}&#8221;]<\/p>\n<p style=\"text-align: center;\"><span style=\"font-weight: 400;\"><b>Mar\u00eda de Sim\u00f3n<\/b><\/span><\/p>\n<p>[\/et_pb_text][et_pb_text _builder_version=&#8221;4.24.0&#8243; text_orientation=&#8221;center&#8221; custom_padding=&#8221;7px|||||&#8221; hover_enabled=&#8221;0&#8243; z_index_tablet=&#8221;500&#8243; global_colors_info=&#8221;{}&#8221; sticky_enabled=&#8221;0&#8243;]<\/p>\n<p style=\"text-align: center;\">Atendimento ao cliente<br \/>&amp; &#038; Consultora de viagens<br \/><a title=\"Conoce mi Historia\" href=\"\/?page_id=246347\">Conhe\u00e7a minha hist\u00f3ria<\/a><\/p>\n<p>[\/et_pb_text][\/et_pb_column][et_pb_column type=&#8221;1_2&#8243; _builder_version=&#8221;4.16&#8243; custom_padding=&#8221;|||&#8221; global_colors_info=&#8221;{}&#8221; custom_padding__hover=&#8221;|||&#8221;][et_pb_image src=&#8221;https:\/\/www.noruegatours.com\/wp-content\/uploads\/2024\/01\/noruegatours_guillermina.png&#8221; alt=&#8221;Guillermina&#8221; title_text=&#8221;noruegatours_guillermina&#8221; align=&#8221;center&#8221; align_tablet=&#8221;&#8221; align_phone=&#8221;center&#8221; align_last_edited=&#8221;on|tablet&#8221; _builder_version=&#8221;4.24.0&#8243; z_index_tablet=&#8221;500&#8243; border_radii=&#8221;on|60px|60px|60px|60px&#8221; border_width_all=&#8221;2px&#8221; border_color_all=&#8221;#E02B20&#8243; border_width_bottom=&#8221;6px&#8221; global_colors_info=&#8221;{}&#8221;]<br \/>\n[\/et_pb_image][et_pb_text _builder_version=&#8221;4.24.0&#8243; text_font=&#8221;Antonio||||||||&#8221; text_text_color=&#8221;#E02B20&#8243; text_font_size=&#8221;24px&#8221; text_orientation=&#8221;center&#8221; custom_margin=&#8221;||5px|||&#8221; z_index_tablet=&#8221;500&#8243; global_colors_info=&#8221;{}&#8221;]<\/p>\n<p style=\"text-align: center;\"><span style=\"font-weight: 400;\"><strong>Guillermina Giordano<\/strong><\/span><\/p>\n<p>[\/et_pb_text][et_pb_text _builder_version=&#8221;4.24.0&#8243; text_orientation=&#8221;center&#8221; hover_enabled=&#8221;0&#8243; z_index_tablet=&#8221;500&#8243; global_colors_info=&#8221;{}&#8221; sticky_enabled=&#8221;0&#8243;]<\/p>\n<p style=\"text-align: center;\">Atendimento ao cliente<br \/>&amp; &#038; Consultora de viagens<br \/><a title=\"Conhe\u00e7a minha hist\u00f3ria\" href=\"https:\/\/www.noruegatours.com\/guillermina-giordano\/\">Conhe\u00e7a minha hist\u00f3ria<\/a><\/p>\n<p><span style=\"font-weight: 400;\">\u00a0<\/span><\/p>\n<p>[\/et_pb_text][\/et_pb_column][\/et_pb_row][\/et_pb_section][et_pb_section fb_built=&#8221;1&#8243; module_id=&#8221;particles-js&#8221; _builder_version=&#8221;4.20.4&#8243; background_color=&#8221;#001841&#8243; z_index=&#8221;99&#8243; custom_margin=&#8221;||||false|false&#8221; custom_padding=&#8221;10px||0||false|false&#8221; sticky_position=&#8221;bottom&#8221; custom_css_main_element=&#8221;border-top:0px solid #ca4740;||border-bottom:6px solid #ca4740;||||&#8221; global_module=&#8221;896&#8243; locked=&#8221;off&#8221; global_colors_info=&#8221;{}&#8221;][et_pb_row column_structure=&#8221;3_5,2_5&#8243; use_custom_gutter=&#8221;on&#8221; gutter_width=&#8221;2&#8243; custom_padding_last_edited=&#8221;on|desktop&#8221; _builder_version=&#8221;4.16&#8243; custom_padding=&#8221;22px|0px|19px|0px|false|false&#8221; custom_padding_tablet=&#8221;0px||10px||false|false&#8221; custom_padding_phone=&#8221;&#8221; custom_css_main_element=&#8221;border-radius:70px;&#8221; custom_width_px=&#8221;1125px&#8221; global_colors_info=&#8221;{}&#8221;][et_pb_column type=&#8221;3_5&#8243; _builder_version=&#8221;4.16&#8243; custom_padding=&#8221;|||&#8221; custom_css_main_element=&#8221;margin-bottom:0!important;&#8221; global_colors_info=&#8221;{}&#8221; custom_padding__hover=&#8221;|||&#8221;][et_pb_text disabled_on=&#8221;on|on|off&#8221; _builder_version=&#8221;4.21.0&#8243; text_text_color=&#8221;#FFFFFF&#8221; header_font=&#8221;||||||||&#8221; header_text_align=&#8221;center&#8221; header_text_color=&#8221;#FFFFFF&#8221; header_2_font=&#8221;||||||||&#8221; header_2_text_align=&#8221;center&#8221; header_2_text_color=&#8221;#FFFFFF&#8221; header_2_font_size=&#8221;28px&#8221; header_3_text_color=&#8221;#FFFFFF&#8221; header_3_font_size=&#8221;28px&#8221; header_4_text_color=&#8221;#FFFFFF&#8221; custom_margin=&#8221;10px||&#8221; header_2_font_size_tablet=&#8221;&#8221; header_2_font_size_phone=&#8221;26px&#8221; header_2_font_size_last_edited=&#8221;on|tablet&#8221; global_colors_info=&#8221;{}&#8221;]<\/p>\n<h4 style=\"text-align: center;\">Pe\u00e7a-nos um or\u00e7amento gratuito<\/h4>\n<p>[\/et_pb_text][\/et_pb_column][et_pb_column type=&#8221;2_5&#8243; _builder_version=&#8221;4.16&#8243; custom_padding=&#8221;|||&#8221; global_colors_info=&#8221;{}&#8221; custom_padding__hover=&#8221;|||&#8221;][et_pb_button button_url=&#8221;https:\/\/www.noruegatours.com\/pt-pt\/contato\/&#8221; button_text=&#8221;Contate-nos!&#8221; button_alignment=&#8221;center&#8221; _builder_version=&#8221;4.16&#8243; custom_button=&#8221;on&#8221; button_text_size=&#8221;21px&#8221; button_text_color=&#8221;#FFFFFF&#8221; button_bg_color=&#8221;#ca4740&#8243; button_font=&#8221;||||||||&#8221; button_use_icon=&#8221;off&#8221; global_colors_info=&#8221;{}&#8221; button_bg_color__hover_enabled=&#8221;on|hover&#8221; button_bg_color__hover=&#8221;#003482&#8243; button_text_color__hover_enabled=&#8221;on&#8221; button_bg_enable_color__hover=&#8221;on&#8221; button_text_color__hover=&#8221;#FFFFFF&#8221;][\/et_pb_button][\/et_pb_column][\/et_pb_row][\/et_pb_section]<\/p>\n","protected":false},"excerpt":{"rendered":"<p>Ag\u00eancia de viagens especializada na NoruegaPara muitos, viajar para a Noruega \u00e9 o sonho perfeito, e na Noruega Tours, sua ag\u00eancia de viagens especializada na Noruega, n\u00f3s tornamos seu sonho realidade. \u00c9 por isso que oferecemos diferentes tipos de viagens, destinos variados e as experi\u00eancias mais marcantes. Viajar para um dos pa\u00edses mais lindos do [&hellip;]<\/p>\n","protected":false},"author":1,"featured_media":0,"parent":0,"menu_order":0,"comment_status":"closed","ping_status":"closed","template":"","meta":{"_acf_changed":false,"_et_pb_use_builder":"on","_et_pb_old_content":"","_et_gb_content_width":"","inline_featured_image":false,"footnotes":""},"difl_page_category":[],"class_list":["post-249137","page","type-page","status-publish","hentry"],"acf":[],"_links":{"self":[{"href":"https:\/\/www.noruegatours.com\/pt-pt\/wp-json\/wp\/v2\/pages\/249137","targetHints":{"allow":["GET"]}}],"collection":[{"href":"https:\/\/www.noruegatours.com\/pt-pt\/wp-json\/wp\/v2\/pages"}],"about":[{"href":"https:\/\/www.noruegatours.com\/pt-pt\/wp-json\/wp\/v2\/types\/page"}],"author":[{"embeddable":true,"href":"https:\/\/www.noruegatours.com\/pt-pt\/wp-json\/wp\/v2\/users\/1"}],"replies":[{"embeddable":true,"href":"https:\/\/www.noruegatours.com\/pt-pt\/wp-json\/wp\/v2\/comments?post=249137"}],"version-history":[{"count":2,"href":"https:\/\/www.noruegatours.com\/pt-pt\/wp-json\/wp\/v2\/pages\/249137\/revisions"}],"predecessor-version":[{"id":249139,"href":"https:\/\/www.noruegatours.com\/pt-pt\/wp-json\/wp\/v2\/pages\/249137\/revisions\/249139"}],"wp:attachment":[{"href":"https:\/\/www.noruegatours.com\/pt-pt\/wp-json\/wp\/v2\/media?parent=249137"}],"wp:term":[{"taxonomy":"difl_page_category","embeddable":true,"href":"https:\/\/www.noruegatours.com\/pt-pt\/wp-json\/wp\/v2\/difl_page_category?post=249137"}],"curies":[{"name":"wp","href":"https:\/\/api.w.org\/{rel}","templated":true}]}}