{"id":247933,"date":"2024-11-11T16:58:02","date_gmt":"2024-11-11T14:58:02","guid":{"rendered":"https:\/\/www.noruegatours.com\/contato\/"},"modified":"2024-11-11T17:47:50","modified_gmt":"2024-11-11T15:47:50","slug":"contato","status":"publish","type":"page","link":"https:\/\/www.noruegatours.com\/pt-pt\/contato\/","title":{"rendered":"Contato"},"content":{"rendered":"<p>[et_pb_section fb_built=&#8221;1&#8243; disabled_on=&#8221;on|on|on&#8221; _builder_version=&#8221;4.16&#8243; background_image=&#8221;https:\/\/www.noruegatours.com\/wp-content\/uploads\/2019\/02\/Lofoten-122018-99-0003_1500.jpg&#8221; custom_padding=&#8221;132px|0px|119px|0px|false|false&#8221; disabled=&#8221;on&#8221; global_colors_info=&#8221;{}&#8221;][et_pb_row _builder_version=&#8221;4.16&#8243; background_color=&#8221;#ffffff&#8221; custom_padding=&#8221;0|0px|0|0px|false|false&#8221; box_shadow_style=&#8221;preset1&#8243; box_shadow_horizontal=&#8221;15px&#8221; box_shadow_vertical=&#8221;12px&#8221; global_colors_info=&#8221;{}&#8221;][et_pb_column type=&#8221;4_4&#8243; _builder_version=&#8221;4.16&#8243; custom_padding=&#8221;|||&#8221; global_colors_info=&#8221;{}&#8221; custom_padding__hover=&#8221;|||&#8221;][et_pb_text _builder_version=&#8221;4.16&#8243; header_font=&#8221;||||||||&#8221; header_2_font=&#8221;||||||||&#8221; header_2_text_align=&#8221;center&#8221; header_2_text_color=&#8221;#ca4740&#8243; max_width_tablet=&#8221;&#8221; max_width_phone=&#8221;100%&#8221; max_width_last_edited=&#8221;on|phone&#8221; module_alignment=&#8221;center&#8221; custom_margin=&#8221;60px||&#8221; header_2_font_size_tablet=&#8221;26px&#8221; header_2_font_size_phone=&#8221;23px&#8221; header_2_font_size_last_edited=&#8221;on|phone&#8221; global_colors_info=&#8221;{}&#8221;]<\/p>\n<h2>Que tipo de viagem est\u00e1 a pensar fazer?<\/h2>\n<p>&nbsp;<\/p>\n<p>[\/et_pb_text][\/et_pb_column][\/et_pb_row][et_pb_row column_structure=&#8221;1_4,1_4,1_4,1_4&#8243; custom_padding_last_edited=&#8221;on|tablet&#8221; _builder_version=&#8221;4.16&#8243; background_color=&#8221;#ffffff&#8221; custom_padding=&#8221;60px|100px|75px|101px|false|false&#8221; custom_padding_tablet=&#8221;&#8221; custom_padding_phone=&#8221;|20px||20px&#8221; custom_css_main_element=&#8221;z-index:9999;&#8221; border_radii=&#8221;||||&#8221; box_shadow_style=&#8221;preset2&#8243; box_shadow_horizontal=&#8221;7px&#8221; box_shadow_vertical=&#8221;14px&#8221; box_shadow_blur=&#8221;21px&#8221; global_colors_info=&#8221;{}&#8221;][et_pb_column type=&#8221;1_4&#8243; _builder_version=&#8221;4.16&#8243; custom_padding=&#8221;|||&#8221; global_colors_info=&#8221;{}&#8221; custom_padding__hover=&#8221;|||&#8221;][et_pb_image src=&#8221;https:\/\/www.noruegatours.com\/wp-content\/uploads\/2019\/02\/personal.png&#8221; url=&#8221;https:\/\/www.noruegatours.com\/solicitar-presupuesto\/&#8221; align_tablet=&#8221;center&#8221; align_phone=&#8221;&#8221; align_last_edited=&#8221;on|desktop&#8221; _builder_version=&#8221;4.16&#8243; max_width=&#8221;35%&#8221; module_alignment=&#8221;center&#8221; global_colors_info=&#8221;{}&#8221;][\/et_pb_image][et_pb_text _builder_version=&#8221;4.16&#8243; text_font=&#8221;|700|||||||&#8221; text_text_color=&#8221;#011742&#8243; text_orientation=&#8221;center&#8221; global_colors_info=&#8221;{}&#8221;]<\/p>\n<p><a href=\"https:\/\/www.noruegatours.com\/solicitar-presupuesto\/\">100% personalizado<\/a><\/p>\n<p>[\/et_pb_text][\/et_pb_column][et_pb_column type=&#8221;1_4&#8243; _builder_version=&#8221;4.16&#8243; custom_padding=&#8221;|||&#8221; global_colors_info=&#8221;{}&#8221; custom_padding__hover=&#8221;|||&#8221;][et_pb_image src=&#8221;https:\/\/www.noruegatours.com\/wp-content\/uploads\/2019\/02\/crucero.png&#8221; url=&#8221;https:\/\/www.noruegatours.com\/presupuesto-cruceros\/&#8221; align_tablet=&#8221;center&#8221; align_phone=&#8221;&#8221; align_last_edited=&#8221;on|desktop&#8221; _builder_version=&#8221;4.16&#8243; max_width=&#8221;35%&#8221; module_alignment=&#8221;center&#8221; global_colors_info=&#8221;{}&#8221;][\/et_pb_image][et_pb_text _builder_version=&#8221;4.16&#8243; text_font=&#8221;|700|||||||&#8221; text_text_color=&#8221;#011742&#8243; text_orientation=&#8221;center&#8221; max_width=&#8221;82%&#8221; module_alignment=&#8221;center&#8221; global_colors_info=&#8221;{}&#8221;]<\/p>\n<p><a href=\"https:\/\/www.noruegatours.com\/presupuesto-cruceros\/\">Cruzeiros pelos fiordes noruegueses<\/a><\/p>\n<p>[\/et_pb_text][\/et_pb_column][et_pb_column type=&#8221;1_4&#8243; _builder_version=&#8221;4.16&#8243; custom_padding=&#8221;|||&#8221; global_colors_info=&#8221;{}&#8221; custom_padding__hover=&#8221;|||&#8221;][et_pb_image src=&#8221;https:\/\/www.noruegatours.com\/wp-content\/uploads\/2019\/02\/grupos2.png&#8221; url=&#8221;https:\/\/www.noruegatours.com\/presupuesto-grupos\/&#8221; align_tablet=&#8221;center&#8221; align_phone=&#8221;&#8221; align_last_edited=&#8221;on|desktop&#8221; _builder_version=&#8221;4.16&#8243; max_width=&#8221;35%&#8221; module_alignment=&#8221;center&#8221; global_colors_info=&#8221;{}&#8221;][\/et_pb_image][et_pb_text _builder_version=&#8221;4.16&#8243; text_font=&#8221;|700|||||||&#8221; text_text_color=&#8221;#011742&#8243; text_orientation=&#8221;center&#8221; max_width=&#8221;72%&#8221; max_width_tablet=&#8221;&#8221; max_width_phone=&#8221;&#8221; max_width_last_edited=&#8221;on|desktop&#8221; module_alignment=&#8221;center&#8221; global_colors_info=&#8221;{}&#8221;]<\/p>\n<p><a href=\"https:\/\/www.noruegatours.com\/presupuesto-grupos\/\">viagens em grupo<br \/>\n<\/a><\/p>\n<p>[\/et_pb_text][\/et_pb_column][et_pb_column type=&#8221;1_4&#8243; _builder_version=&#8221;4.16&#8243; custom_padding=&#8221;|||&#8221; global_colors_info=&#8221;{}&#8221; custom_padding__hover=&#8221;|||&#8221;][et_pb_image src=&#8221;https:\/\/www.noruegatours.com\/wp-content\/uploads\/2020\/05\/noruega_en_espana.png&#8221; url=&#8221;https:\/\/www.noruegatours.com\/presupuesto-grupos\/&#8221; align=&#8221;center&#8221; _builder_version=&#8221;4.16&#8243; max_width=&#8221;35%&#8221; global_colors_info=&#8221;{}&#8221;][\/et_pb_image][et_pb_text _builder_version=&#8221;4.16&#8243; text_font=&#8221;|700|||||||&#8221; text_text_color=&#8221;#011742&#8243; text_orientation=&#8221;center&#8221; max_width=&#8221;72%&#8221; max_width_tablet=&#8221;&#8221; max_width_phone=&#8221;&#8221; max_width_last_edited=&#8221;on|desktop&#8221; module_alignment=&#8221;center&#8221; global_colors_info=&#8221;{}&#8221;]<\/p>\n<p><a href=\"https:\/\/www.noruegatours.com\/presupuesto-grupos\/\">Noruega em Espanha<br \/>\n<\/a><\/p>\n<p>[\/et_pb_text][\/et_pb_column][\/et_pb_row][\/et_pb_section][et_pb_section fb_built=&#8221;1&#8243; _builder_version=&#8221;4.24.2&#8243; _module_preset=&#8221;default&#8221; background_color=&#8221;#FFFFFF&#8221; background_enable_image=&#8221;off&#8221; global_colors_info=&#8221;{}&#8221;][et_pb_row column_structure=&#8221;1_3,2_3&#8243; _builder_version=&#8221;4.16&#8243; _module_preset=&#8221;default&#8221; width=&#8221;90%&#8221; max_width=&#8221;1400px&#8221; custom_padding=&#8221;35px|||||&#8221; global_colors_info=&#8221;{}&#8221;][et_pb_column type=&#8221;1_3&#8243; _builder_version=&#8221;4.16&#8243; _module_preset=&#8221;default&#8221; global_colors_info=&#8221;{}&#8221;][et_pb_text _builder_version=&#8221;4.24.2&#8243; _module_preset=&#8221;default&#8221; text_text_color=&#8221;#FFFFFF&#8221; header_2_font=&#8221;Anton||||||||&#8221; header_2_text_align=&#8221;left&#8221; header_2_text_color=&#8221;#ca4740&#8243; header_2_font_size=&#8221;40px&#8221; global_colors_info=&#8221;{}&#8221;]<\/p>\n<h2>Planeje sua viagem sem compromisso<\/h2>\n<p><span style=\"color: #333333;\"><strong>Contate agora<\/strong> com a equipe de Noruega Tours e <strong>solicite informa\u00e7\u00f5es sem compromisso <\/strong> para <\/span><strong><span style=\"color: #333333;\">planejar sua <\/span> <a href=\"\/pt-pt\/\"> viagem \u00e0 Noruega<\/a><\/strong><span style=\"color: #333333;\"> com a ajuda de especialistas no pa\u00eds escandinavo.<\/span><\/p>\n<p>[\/et_pb_text][et_pb_text disabled_on=&#8221;on|on|off&#8221; _builder_version=&#8221;4.24.2&#8243; _module_preset=&#8221;default&#8221; header_3_font=&#8221;Anton||||||||&#8221; header_3_text_color=&#8221;#FFFFFF&#8221; header_3_font_size=&#8221;26px&#8221; custom_margin=&#8221;30px||||false|false&#8221; global_colors_info=&#8221;{}&#8221;]<\/p>\n<h3><span style=\"color: #333333;\">Conhe\u00e7a-nos<\/span><\/h3>\n<p>[\/et_pb_text][et_pb_social_media_follow disabled_on=&#8221;on|on|off&#8221; _builder_version=&#8221;4.16&#8243; _module_preset=&#8221;default&#8221; custom_margin=&#8221;||0px|||&#8221; global_colors_info=&#8221;{}&#8221;][et_pb_social_media_follow_network social_network=&#8221;youtube&#8221; url=&#8221;https:\/\/www.youtube.com\/channel\/UCq1i4efG4MEkZ8RX92T1Vgg&#8221; _builder_version=&#8221;4.16&#8243; _module_preset=&#8221;default&#8221; background_color=&#8221;#a82400&#8243; global_colors_info=&#8221;{}&#8221; follow_button=&#8221;off&#8221; url_new_window=&#8221;on&#8221;]youtube[\/et_pb_social_media_follow_network][et_pb_social_media_follow_network social_network=&#8221;facebook&#8221; url=&#8221;https:\/\/www.facebook.com\/noruegatours&#8221; _builder_version=&#8221;4.16&#8243; _module_preset=&#8221;default&#8221; background_color=&#8221;#3b5998&#8243; global_colors_info=&#8221;{}&#8221; follow_button=&#8221;off&#8221; url_new_window=&#8221;on&#8221;]facebook[\/et_pb_social_media_follow_network][et_pb_social_media_follow_network social_network=&#8221;twitter&#8221; url=&#8221;https:\/\/twitter.com\/noruegatours&#8221; _builder_version=&#8221;4.22.2&#8243; _module_preset=&#8221;default&#8221; background_color=&#8221;#000000&#8243; global_colors_info=&#8221;{}&#8221; follow_button=&#8221;off&#8221; url_new_window=&#8221;on&#8221;]twitter[\/et_pb_social_media_follow_network][et_pb_social_media_follow_network social_network=&#8221;instagram&#8221; url=&#8221;https:\/\/www.instagram.com\/noruegatours\/?hl=es&#8221; _builder_version=&#8221;4.16&#8243; _module_preset=&#8221;default&#8221; background_color=&#8221;#ea2c59&#8243; global_colors_info=&#8221;{}&#8221; follow_button=&#8221;off&#8221; url_new_window=&#8221;on&#8221;]instagram[\/et_pb_social_media_follow_network][\/et_pb_social_media_follow][et_pb_text disabled_on=&#8221;on|on|off&#8221; admin_label=&#8221;Tabla&#8221; _builder_version=&#8221;4.24.2&#8243; _module_preset=&#8221;default&#8221; text_text_color=&#8221;#FFFFFF&#8221; text_font_size=&#8221;12px&#8221; header_4_text_color=&#8221;#FFFFFF&#8221; global_colors_info=&#8221;{}&#8221;]<\/p>\n<h4>Informa\u00e7\u00f5es B\u00e1sicas sobre Prote\u00e7\u00e3o de Dados<\/h4>\n<table style=\"height: 528px; width: 583px;\">\n<tbody>\n<tr style=\"height: 23px;\">\n<td style=\"height: 23px; width: 162.117px;\"><span style=\"color: #808080;\">Respons\u00e1vel<\/span><\/td>\n<td style=\"height: 23px; width: 404.883px;\"><span style=\"color: #808080;\">VIAJES TUTTOCARD, S.L.<\/span><\/td>\n<\/tr>\n<tr style=\"height: 23px;\">\n<td style=\"height: 23px; width: 162.117px;\"><span style=\"color: #808080;\">Finalidade<\/span><\/td>\n<td style=\"height: 23px; width: 404.883px;\"><span style=\"color: #808080;\">GGest\u00e3o da rela\u00e7\u00e3o contratual.<\/span><\/td>\n<\/tr>\n<tr style=\"height: 47px;\">\n<td style=\"height: 47px; width: 162.117px;\"><span style=\"color: #808080;\">Legitima\u00e7\u00e3o<\/span><\/td>\n<td style=\"height: 47px; width: 404.883px;\"><span style=\"color: #808080;\">Execu\u00e7\u00e3o de contrato em que o interessado seja parte, ou para aplica\u00e7\u00e3o de dilig\u00eancias pr\u00e9-contratuais a pedido do interessado.<\/span><\/td>\n<\/tr>\n<tr style=\"height: 95px;\">\n<td style=\"height: 95px; width: 162.117px;\"><span style=\"color: #808080;\">Destinat\u00e1rios<\/span><\/td>\n<td style=\"height: 95px; width: 404.883px;\"><span style=\"color: #808080;\">Empresas grossistas, fornecedores inclu\u00eddos na viagem contratada, empresas gestoras de sistemas globais de reservas, Savia Amadeus, entidades seguradoras, companhias a\u00e9reas, hot\u00e9is, guias tur\u00edsticos, transportadores, empresas de aluguer de autom\u00f3veis.<\/span><\/td>\n<\/tr>\n<tr style=\"height: 47px;\">\n<td style=\"height: 47px; width: 162.117px;\"><span style=\"color: #808080;\">Direitos<\/span><\/td>\n<td style=\"height: 47px; width: 404.883px;\"><span style=\"color: #808080;\"> O interessado ter\u00e1 o direito de Acessar, Excluir ou retificar, Limitar seu tratamento, Solicitar sua potabilidade, Opor-se ao seu tratamento.<\/span><\/td>\n<\/tr>\n<tr style=\"height: 71px;\">\n<td style=\"height: 71px; width: 162.117px;\"><span style=\"color: #808080;\">Informa\u00e7\u00f5es adicionais<br \/>\n<\/span><\/td>\n<td style=\"height: 71px; width: 404.883px;\">\n<p><span style=\"color: #808080;\">Poder\u00e1 consultar a Informa\u00e7\u00e3o Adicional sobre a prote\u00e7\u00e3o dos seus dados pessoais acedendo ao seguinte hiperlink:<br \/>\n<\/span><\/p>\n<p class=\"p1\"><span class=\"s1\" style=\"color: #808080;\"><a href=\"https:\/\/www.noruegatours.com\/pt-pt\/legal\/politica-de-privacidade\/\" style=\"color: #808080;\"> <span class=\"s2\">Pol\u00edtica de Privacidade<\/span><\/a><\/span><\/p>\n<\/td>\n<\/tr>\n<\/tbody>\n<\/table>\n<p>[\/et_pb_text][et_pb_text disabled_on=&#8221;off|off|on&#8221; admin_label=&#8221;Tabla&#8221; _builder_version=&#8221;4.24.2&#8243; _module_preset=&#8221;default&#8221; text_text_color=&#8221;#FFFFFF&#8221; text_font_size=&#8221;12px&#8221; header_4_text_color=&#8221;#FFFFFF&#8221; global_colors_info=&#8221;{}&#8221;]<\/p>\n<h4>Informa\u00e7\u00f5es B\u00e1sicas sobre Prote\u00e7\u00e3o de Dados<\/h4>\n<table style=\"height: 528px; width: 583px;\">\n<tbody>\n<tr style=\"height: 23px;\">\n<td style=\"height: 23px; width: 162.117px;\"><span style=\"color: #808080;\">Respons\u00e1vel<\/span><\/td>\n<td style=\"height: 23px; width: 404.883px;\"><span style=\"color: #808080;\">VIAJES TUTTOCARD, S.L.<\/span><\/td>\n<\/tr>\n<tr style=\"height: 23px;\">\n<td style=\"height: 23px; width: 162.117px;\"><span style=\"color: #808080;\">Finalidade<\/span><\/td>\n<td style=\"height: 23px; width: 404.883px;\"><span style=\"color: #808080;\">GGest\u00e3o da rela\u00e7\u00e3o contratual.<\/span><\/td>\n<\/tr>\n<tr style=\"height: 47px;\">\n<td style=\"height: 47px; width: 162.117px;\"><span style=\"color: #808080;\">Legitima\u00e7\u00e3o<\/span><\/td>\n<td style=\"height: 47px; width: 404.883px;\"><span style=\"color: #808080;\">Execu\u00e7\u00e3o de contrato em que o interessado seja parte, ou para aplica\u00e7\u00e3o de dilig\u00eancias pr\u00e9-contratuais a pedido do interessado.<\/span><\/td>\n<\/tr>\n<tr style=\"height: 95px;\">\n<td style=\"height: 95px; width: 162.117px;\"><span style=\"color: #808080;\">Destinat\u00e1rios<\/span><\/td>\n<td style=\"height: 95px; width: 404.883px;\"><span style=\"color: #808080;\">Empresas grossistas, fornecedores inclu\u00eddos na viagem contratada, empresas gestoras de sistemas globais de reservas, Savia Amadeus, entidades seguradoras, companhias a\u00e9reas, hot\u00e9is, guias tur\u00edsticos, transportadores, empresas de aluguer de autom\u00f3veis.<\/span><\/td>\n<\/tr>\n<tr style=\"height: 47px;\">\n<td style=\"height: 47px; width: 162.117px;\"><span style=\"color: #808080;\">Direitos<\/span><\/td>\n<td style=\"height: 47px; width: 404.883px;\"><span style=\"color: #808080;\"> O interessado ter\u00e1 o direito de Acessar, Excluir ou retificar, Limitar seu tratamento, Solicitar sua potabilidade, Opor-se ao seu tratamento.<\/span><\/td>\n<\/tr>\n<tr style=\"height: 71px;\">\n<td style=\"height: 71px; width: 162.117px;\"><span style=\"color: #808080;\">Informa\u00e7\u00f5es adicionais<br \/>\n<\/span><\/td>\n<td style=\"height: 71px; width: 404.883px;\">\n<p><span style=\"color: #808080;\">Poder\u00e1 consultar a Informa\u00e7\u00e3o Adicional sobre a prote\u00e7\u00e3o dos seus dados pessoais acedendo ao seguinte hiperlink:<br \/>\n<\/span><\/p>\n<p class=\"p1\"><span class=\"s1\" style=\"color: #808080;\"><a href=\"https:\/\/www.noruegatours.com\/pt-pt\/legal\/politica-de-privacidade\/\" style=\"color: #808080;\"> <span class=\"s2\">Pol\u00edtica de Privacidade<\/span><\/a><\/span><\/p>\n<\/td>\n<\/tr>\n<\/tbody>\n<\/table>\n<p>[\/et_pb_text][\/et_pb_column][et_pb_column type=&#8221;2_3&#8243; _builder_version=&#8221;4.16&#8243; _module_preset=&#8221;default&#8221; global_colors_info=&#8221;{}&#8221;][et_pb_code _builder_version=&#8221;4.27.3&#8243; _module_preset=&#8221;default&#8221; width=&#8221;100%&#8221; custom_margin=&#8221;-70px||||false|false&#8221; custom_padding=&#8221;||31px|||&#8221; hover_enabled=&#8221;0&#8243; global_colors_info=&#8221;{}&#8221; sticky_enabled=&#8221;0&#8243;]\t\t<iframe<!-- [et_pb_line_break_holder] -->      id=&#8221;JotFormIFrame-243153976973369&#8243;<!-- [et_pb_line_break_holder] -->      title=&#8221;P\u00e1gina contacto PT&#8221;<!-- [et_pb_line_break_holder] -->      onload=&#8221;window.parent.scrollTo(0,0)&#8221;<!-- [et_pb_line_break_holder] -->      allowtransparency=&#8221;true&#8221;<!-- [et_pb_line_break_holder] -->      allow=&#8221;geolocation; microphone; camera; fullscreen&#8221;<!-- [et_pb_line_break_holder] -->      src=&#8221;https:\/\/form.jotform.com\/243153976973369&#8243;<!-- [et_pb_line_break_holder] -->      frameborder=&#8221;0&#8243;<!-- [et_pb_line_break_holder] -->      style=&#8221;min-width:100%;max-width:100%;height:539px;border:none;&#8221;<!-- [et_pb_line_break_holder] -->      scrolling=&#8221;no&#8221;<!-- [et_pb_line_break_holder] -->    ><!-- [et_pb_line_break_holder] -->    <\/iframe><!-- [et_pb_line_break_holder] -->    <script src='https:\/\/cdn.jotfor.ms\/s\/umd\/latest\/for-form-embed-handler.js'><\/script><!-- [et_pb_line_break_holder] -->    <script>window.jotformEmbedHandler(\"iframe[id='JotFormIFrame-243153976973369']\", \"https:\/\/form.jotform.com\/\")<\/script><!-- [et_pb_line_break_holder] -->    [\/et_pb_code][et_pb_text disabled_on=&#8221;off|off|on&#8221; _builder_version=&#8221;4.24.2&#8243; _module_preset=&#8221;default&#8221; header_3_font=&#8221;Anton||||||||&#8221; header_3_text_color=&#8221;#FFFFFF&#8221; header_3_font_size=&#8221;26px&#8221; custom_margin=&#8221;||||false|false&#8221; global_colors_info=&#8221;{}&#8221;]<\/p>\n<h3><span style=\"color: #333333;\">Conhe\u00e7a-nos<\/span><\/h3>\n<p>[\/et_pb_text][et_pb_social_media_follow disabled_on=&#8221;off|off|on&#8221; _builder_version=&#8221;4.16&#8243; _module_preset=&#8221;default&#8221; global_colors_info=&#8221;{}&#8221;][et_pb_social_media_follow_network social_network=&#8221;youtube&#8221; url=&#8221;https:\/\/www.youtube.com\/channel\/UCq1i4efG4MEkZ8RX92T1Vgg&#8221; _builder_version=&#8221;4.16&#8243; _module_preset=&#8221;default&#8221; background_color=&#8221;#a82400&#8243; global_colors_info=&#8221;{}&#8221; follow_button=&#8221;off&#8221; url_new_window=&#8221;on&#8221;]youtube[\/et_pb_social_media_follow_network][et_pb_social_media_follow_network social_network=&#8221;facebook&#8221; url=&#8221;https:\/\/www.facebook.com\/noruegatours&#8221; _builder_version=&#8221;4.16&#8243; _module_preset=&#8221;default&#8221; background_color=&#8221;#3b5998&#8243; global_colors_info=&#8221;{}&#8221; follow_button=&#8221;off&#8221; url_new_window=&#8221;on&#8221;]facebook[\/et_pb_social_media_follow_network][et_pb_social_media_follow_network social_network=&#8221;twitter&#8221; url=&#8221;https:\/\/twitter.com\/noruegatours&#8221; _builder_version=&#8221;4.22.2&#8243; _module_preset=&#8221;default&#8221; background_color=&#8221;#000000&#8243; global_colors_info=&#8221;{}&#8221; follow_button=&#8221;off&#8221; url_new_window=&#8221;on&#8221;]twitter[\/et_pb_social_media_follow_network][et_pb_social_media_follow_network social_network=&#8221;instagram&#8221; url=&#8221;https:\/\/www.instagram.com\/noruegatours\/?hl=es&#8221; _builder_version=&#8221;4.16&#8243; _module_preset=&#8221;default&#8221; background_color=&#8221;#ea2c59&#8243; global_colors_info=&#8221;{}&#8221; follow_button=&#8221;off&#8221; url_new_window=&#8221;on&#8221;]instagram[\/et_pb_social_media_follow_network][\/et_pb_social_media_follow][\/et_pb_column][\/et_pb_row][\/et_pb_section]<\/p>\n","protected":false},"excerpt":{"rendered":"<p>Que tipo de viagem est\u00e1 a pensar fazer? &nbsp; 100% personalizadoCruzeiros pelos fiordes norueguesesviagens em grupo Noruega em Espanha Planeje sua viagem sem compromisso Contate agora com a equipe de Noruega Tours e solicite informa\u00e7\u00f5es sem compromisso para planejar sua viagem \u00e0 Noruega com a ajuda de especialistas no pa\u00eds escandinavo.Conhe\u00e7a-nosInforma\u00e7\u00f5es B\u00e1sicas sobre Prote\u00e7\u00e3o de [&hellip;]<\/p>\n","protected":false},"author":1,"featured_media":0,"parent":0,"menu_order":0,"comment_status":"closed","ping_status":"closed","template":"","meta":{"_acf_changed":false,"_et_pb_use_builder":"on","_et_pb_old_content":"","_et_gb_content_width":"","inline_featured_image":false,"footnotes":""},"difl_page_category":[],"class_list":["post-247933","page","type-page","status-publish","hentry"],"acf":[],"_links":{"self":[{"href":"https:\/\/www.noruegatours.com\/pt-pt\/wp-json\/wp\/v2\/pages\/247933","targetHints":{"allow":["GET"]}}],"collection":[{"href":"https:\/\/www.noruegatours.com\/pt-pt\/wp-json\/wp\/v2\/pages"}],"about":[{"href":"https:\/\/www.noruegatours.com\/pt-pt\/wp-json\/wp\/v2\/types\/page"}],"author":[{"embeddable":true,"href":"https:\/\/www.noruegatours.com\/pt-pt\/wp-json\/wp\/v2\/users\/1"}],"replies":[{"embeddable":true,"href":"https:\/\/www.noruegatours.com\/pt-pt\/wp-json\/wp\/v2\/comments?post=247933"}],"version-history":[{"count":13,"href":"https:\/\/www.noruegatours.com\/pt-pt\/wp-json\/wp\/v2\/pages\/247933\/revisions"}],"predecessor-version":[{"id":247957,"href":"https:\/\/www.noruegatours.com\/pt-pt\/wp-json\/wp\/v2\/pages\/247933\/revisions\/247957"}],"wp:attachment":[{"href":"https:\/\/www.noruegatours.com\/pt-pt\/wp-json\/wp\/v2\/media?parent=247933"}],"wp:term":[{"taxonomy":"difl_page_category","embeddable":true,"href":"https:\/\/www.noruegatours.com\/pt-pt\/wp-json\/wp\/v2\/difl_page_category?post=247933"}],"curies":[{"name":"wp","href":"https:\/\/api.w.org\/{rel}","templated":true}]}}