{"id":247924,"date":"2024-11-11T16:18:05","date_gmt":"2024-11-11T14:18:05","guid":{"rendered":"https:\/\/www.noruegatours.com\/informacoes-adicionais\/"},"modified":"2024-11-11T16:18:07","modified_gmt":"2024-11-11T14:18:07","slug":"informacoes-adicionais","status":"publish","type":"page","link":"https:\/\/www.noruegatours.com\/pt-pt\/legal\/informacoes-adicionais\/","title":{"rendered":"Informa\u00e7\u00f5es Adicionais"},"content":{"rendered":"<p>[et_pb_section fb_built=&#8221;1&#8243; _builder_version=&#8221;3.22&#8243;][et_pb_row _builder_version=&#8221;3.25&#8243; background_size=&#8221;initial&#8221; background_position=&#8221;top_left&#8221; background_repeat=&#8221;repeat&#8221;][et_pb_column type=&#8221;4_4&#8243; _builder_version=&#8221;3.25&#8243; custom_padding=&#8221;|||&#8221; custom_padding__hover=&#8221;|||&#8221;][et_pb_text _builder_version=&#8221;4.6.6&#8243; hover_enabled=&#8221;0&#8243; sticky_enabled=&#8221;0&#8243;]<\/p>\n<h2 style=\"text-align: center;\">Informa\u00e7\u00f5es Adicionais sobre Prote\u00e7\u00e3o de Dados<\/h2>\n<p>De acordo com o disposto na legisla\u00e7\u00e3o vigente em mat\u00e9ria de prote\u00e7\u00e3o de dados pessoais, informamos-lhe as seguintes informa\u00e7\u00f5es:<\/p>\n<h5>1. QUEM \u00c9 O RESPONS\u00c1VEL PELO TRATAMENTO DOS SEUS DADOS?<\/h5>\n<p>VIAJES TUTTOCARD, S.L.<br \/>C\/ Fil\u00e1 Cord\u00f3n n.\u00ba 36, Pol\u00edgono Industrial Cotes Altes,<br \/>03804 Alcoy, Alicante<br \/>CIF B54227707<br \/>Telefone: 965.051067<br \/>Contato com o Encarregado de Prote\u00e7\u00e3o de Dados: dpo@tuttoviajes.es<\/p>\n<h5>2. 2. QUAL \u00c9 A FINALIDADE DO TRATAMENTO?<\/h5>\n<p>A finalidade do tratamento dos seus dados pessoais \u00e9 COMUNICA\u00c7\u00c3O E FIDELIZA\u00c7\u00c3O. As utiliza\u00e7\u00f5es pretendidas s\u00e3o o envio de newsletters peri\u00f3dicas para informar o interessado sobre novidades, novidades e ofertas, bem como o lan\u00e7amento de a\u00e7\u00f5es de fideliza\u00e7\u00e3o.<br \/>Conserva\u00e7\u00e3o dos seus dados:<br \/>Os seus dados ser\u00e3o conservados enquanto n\u00e3o solicitar a sua elimina\u00e7\u00e3o.<\/p>\n<h5>3. QUAL A LEGITIMA\u00c7\u00c3O PARA O TRATAMENTO DOS SEUS DADOS?<\/h5>\n<p>A base legal para o tratamento dos seus dados pessoais relativamente a esta finalidade \u00e9 o seu consentimento, pelo que solicitamos que caso n\u00e3o tenha interesse em consentir o tratamento dos seus dados para esta finalidade, e nos termos expressos ao longo deste documento, n\u00e3o clique na caixa ASSINAR.<\/p>\n<h5>4. A QUAIS DESTINAT\u00c1RIOS SER\u00c3O COMUNICADOS OS SEUS DADOS PESSOAIS?<\/h5>\n<p>A comunica\u00e7\u00e3o dos seus dados pessoais n\u00e3o est\u00e1 planeada.<\/p>\n<h5>5. QUAIS S\u00c3O OS SEUS DIREITOS QUANDO NOS FORNECE OS SEUS DADOS PESSOAIS?<\/h5>\n<p>Voc\u00ea tem o direito de:<br \/>\u25cf \u25cf Aceder a seus dados pessoais.<br \/> \u25cf Solicitar sua retifica\u00e7\u00e3o ou exclus\u00e3o<br \/>\u25cf Solicitar a limita\u00e7\u00e3o do seu tratamento.<br \/>\u25cf Opor-se ao seu tratamento.<br \/>\u25cf A portabilidade dos dados pessoais.<br \/>Poder\u00e1 exercer os seus direitos contactando o seguinte endere\u00e7o de correio eletr\u00f3nico news@noruegatours.com de forma direta e gratuita, indicando \u201cEXERC\u00cdCIO DE DIREITOS\u201d no assunto ou atrav\u00e9s de comunica\u00e7\u00e3o escrita para o seguinte endere\u00e7o: VIAJES TUTTOCARD, S.L. com endere\u00e7o em C\/ Fil\u00e1 Cord\u00f3n n.\u00ba 36, Poligono Industrial Cotes Altes, 03804 Alcoy (Alicante).<\/p>\n<p>Sua solicita\u00e7\u00e3o deve incluir data, nome e sobrenome, solicita\u00e7\u00e3o na qual a solicita\u00e7\u00e3o \u00e9 especificada, endere\u00e7o para fins de notifica\u00e7\u00e3o. Para dissipar qualquer d\u00favida razo\u00e1vel sobre a identidade da pessoa singular que faz o pedido, solicita-se a apresenta\u00e7\u00e3o do DNI ou documento de natureza an\u00e1loga ou semelhante para confirmar a sua identidade.<\/p>\n<p>Se voc\u00ea entende que VIAJES TUTTOCARD, S.L. n\u00e3o resolveu corretamente o seu pedido, pode solicitar a prote\u00e7\u00e3o da Ag\u00eancia Espanhola de Prote\u00e7\u00e3o de Dados, cujos dados pode consultar em www.agpd.es<\/p>\n<p>&nbsp;<\/p>\n<p>[\/et_pb_text][\/et_pb_column][\/et_pb_row][\/et_pb_section]<\/p>\n","protected":false},"excerpt":{"rendered":"<p>Informa\u00e7\u00f5es Adicionais sobre Prote\u00e7\u00e3o de Dados De acordo com o disposto na legisla\u00e7\u00e3o vigente em mat\u00e9ria de prote\u00e7\u00e3o de dados pessoais, informamos-lhe as seguintes informa\u00e7\u00f5es: 1. QUEM \u00c9 O RESPONS\u00c1VEL PELO TRATAMENTO DOS SEUS DADOS? VIAJES TUTTOCARD, S.L.C\/ Fil\u00e1 Cord\u00f3n n.\u00ba 36, Pol\u00edgono Industrial Cotes Altes,03804 Alcoy, AlicanteCIF B54227707Telefone: 965.051067Contato com o Encarregado de Prote\u00e7\u00e3o [&hellip;]<\/p>\n","protected":false},"author":1,"featured_media":0,"parent":247919,"menu_order":0,"comment_status":"closed","ping_status":"closed","template":"","meta":{"_acf_changed":false,"_et_pb_use_builder":"on","_et_pb_old_content":"","_et_gb_content_width":"","inline_featured_image":false,"footnotes":""},"difl_page_category":[],"class_list":["post-247924","page","type-page","status-publish","hentry"],"acf":[],"_links":{"self":[{"href":"https:\/\/www.noruegatours.com\/pt-pt\/wp-json\/wp\/v2\/pages\/247924","targetHints":{"allow":["GET"]}}],"collection":[{"href":"https:\/\/www.noruegatours.com\/pt-pt\/wp-json\/wp\/v2\/pages"}],"about":[{"href":"https:\/\/www.noruegatours.com\/pt-pt\/wp-json\/wp\/v2\/types\/page"}],"author":[{"embeddable":true,"href":"https:\/\/www.noruegatours.com\/pt-pt\/wp-json\/wp\/v2\/users\/1"}],"replies":[{"embeddable":true,"href":"https:\/\/www.noruegatours.com\/pt-pt\/wp-json\/wp\/v2\/comments?post=247924"}],"version-history":[{"count":2,"href":"https:\/\/www.noruegatours.com\/pt-pt\/wp-json\/wp\/v2\/pages\/247924\/revisions"}],"predecessor-version":[{"id":247926,"href":"https:\/\/www.noruegatours.com\/pt-pt\/wp-json\/wp\/v2\/pages\/247924\/revisions\/247926"}],"up":[{"embeddable":true,"href":"https:\/\/www.noruegatours.com\/pt-pt\/wp-json\/wp\/v2\/pages\/247919"}],"wp:attachment":[{"href":"https:\/\/www.noruegatours.com\/pt-pt\/wp-json\/wp\/v2\/media?parent=247924"}],"wp:term":[{"taxonomy":"difl_page_category","embeddable":true,"href":"https:\/\/www.noruegatours.com\/pt-pt\/wp-json\/wp\/v2\/difl_page_category?post=247924"}],"curies":[{"name":"wp","href":"https:\/\/api.w.org\/{rel}","templated":true}]}}