{"id":247923,"date":"2024-11-11T16:14:05","date_gmt":"2024-11-11T14:14:05","guid":{"rendered":"https:\/\/www.noruegatours.com\/legal\/politica-de-cookies\/"},"modified":"2024-11-11T16:14:05","modified_gmt":"2024-11-11T14:14:05","slug":"politica-de-cookies","status":"publish","type":"page","link":"https:\/\/www.noruegatours.com\/pt-pt\/legal\/politica-de-cookies\/","title":{"rendered":"Pol\u00edtica de cookies"},"content":{"rendered":"<h3>O que s\u00e3o cookies?<\/h3>\n<p>Um cookie \u00e9 um arquivo que \u00e9 baixado para o seu computador quando voc\u00ea acessa determinados sites. Os cookies permitem que um site, entre outras coisas, armazene e recupere informa\u00e7\u00f5es sobre os h\u00e1bitos de navega\u00e7\u00e3o de um usu\u00e1rio ou de seu computador e, dependendo das informa\u00e7\u00f5es que eles cont\u00eam e da maneira como voc\u00ea usa seu computador, eles podem ser usados para reconhecer o usu\u00e1rio.<br \/>\nOs cookies que usamos s\u00e3o os seguintes:<br \/>\n1. Cookies pr\u00f3prios: s\u00e3o aqueles que s\u00e3o enviados ao equipamento terminal do usu\u00e1rio a partir de um computador ou dom\u00ednio gerenciado pelo pr\u00f3prio editor e a partir do qual o servi\u00e7o solicitado pelo usu\u00e1rio \u00e9 fornecido.<br \/>\n2. Cookies de terceiros: s\u00e3o aqueles que s\u00e3o enviados ao equipamento terminal do usu\u00e1rio a partir de um computador ou dom\u00ednio que n\u00e3o \u00e9 gerenciado pelo editor, mas por outra entidade que processa os dados obtidos por meio dos cookies.<br \/>\n3. Cookies de sess\u00e3o: s\u00e3o um tipo de cookie projetado para coletar e armazenar dados enquanto o usu\u00e1rio acessa uma p\u00e1gina da Web. Cookies persistentes: S\u00e3o um tipo de cookie em que os dados permanecem armazenados no terminal e podem ser acessados e processados por um per\u00edodo definido pela parte respons\u00e1vel pelo cookie, que pode variar de alguns minutos a v\u00e1rios anos.<br \/>\n4. Cookies t\u00e9cnicos: s\u00e3o aqueles que permitem ao usu\u00e1rio navegar por um site, plataforma ou aplicativo e usar as diferentes op\u00e7\u00f5es ou servi\u00e7os existentes nele, como, por exemplo, controlar o tr\u00e1fego e a comunica\u00e7\u00e3o de dados, identificar a sess\u00e3o, acessar partes de acesso restrito, lembrar os elementos que comp\u00f5em um pedido, realizar o processo de compra de um pedido, fazer a solicita\u00e7\u00e3o de registro ou participa\u00e7\u00e3o em um evento, usar elementos de seguran\u00e7a durante a navega\u00e7\u00e3o, armazenar conte\u00fado para a transmiss\u00e3o de v\u00eddeos ou som ou compartilhar conte\u00fado por meio de redes sociais.<br \/>\n5. Cookies de personaliza\u00e7\u00e3o: esses cookies permitem que o usu\u00e1rio acesse o servi\u00e7o com algumas caracter\u00edsticas gerais predefinidas, dependendo de uma s\u00e9rie de crit\u00e9rios no terminal do usu\u00e1rio, como o idioma, o tipo de navegador usado para acessar o servi\u00e7o, a configura\u00e7\u00e3o regional de onde o servi\u00e7o \u00e9 acessado etc.<br \/>\n6. Cookies de an\u00e1lise: esses cookies permitem que a parte respons\u00e1vel por eles monitore e analise o comportamento dos usu\u00e1rios dos sites aos quais est\u00e3o vinculados. As informa\u00e7\u00f5es coletadas por meio desse tipo de cookies s\u00e3o usadas para medir a atividade dos sites, aplicativo ou plataforma e para a elabora\u00e7\u00e3o de perfis de navega\u00e7\u00e3o dos usu\u00e1rios desses sites, aplicativos e plataformas, a fim de introduzir melhorias com base na an\u00e1lise dos dados sobre o uso feito pelos usu\u00e1rios do servi\u00e7o.<br \/>\n7. Cookies publicit\u00e1rios: S\u00e3o aqueles que permitem a gest\u00e3o, da forma mais eficiente poss\u00edvel, dos espa\u00e7os publicit\u00e1rios que, se for caso disso, o editor tenha inclu\u00eddo numa p\u00e1gina web, aplica\u00e7\u00e3o ou plataforma a partir da qual \u00e9 prestado o servi\u00e7o solicitado com base em a crit\u00e9rios como conte\u00fado editado ou frequ\u00eancia com que os an\u00fancios s\u00e3o exibidos.<br \/>\n8. Cookies de publicidade comportamental: S\u00e3o aqueles que permitem a gest\u00e3o, da forma mais eficiente poss\u00edvel, dos espa\u00e7os publicit\u00e1rios que, se for o caso, o editor incluiu numa p\u00e1gina web, aplica\u00e7\u00e3o ou plataforma a partir da qual \u00e9 prestado o servi\u00e7o solicitado. . Estes cookies armazenam informa\u00e7\u00e3o sobre o comportamento do usu\u00e1rio obtida atrav\u00e9s da observa\u00e7\u00e3o cont\u00ednua dos seus h\u00e1bitos de navega\u00e7\u00e3o, o que permite desenvolver um perfil espec\u00edfico para exibir publicidade com base nele.<\/p>\n<table class=\"cookies\" border=\"1\" width=\"100%\">\n<tbody>\n<tr>\n<td style=\"text-align: center;\" colspan=\"4\">COOKIES PR\u00d3PRIOS<\/td>\n<\/tr>\n<tr>\n<td style=\"text-align: center;\" width=\"97\">Dom\u00ednio sob o qual o cookie \u00e9 armazenado <\/td>\n<td style=\"text-align: center;\" width=\"149\">Nome<\/td>\n<td style=\"text-align: center;\" width=\"114\">Finalidade<\/td>\n<td style=\"text-align: center;\" width=\"119\"> Mais informa\u00e7\u00f5es<\/td>\n<\/tr>\n<tr>\n<td style=\"text-align: left;\" width=\"97\">facebook.com<\/td>\n<td style=\"text-align: left;\" width=\"149\">fr<\/td>\n<td style=\"text-align: left;\" width=\"114\">Esses cookies s\u00e3o do Facebook e s\u00e3o usados para mostrar o bot\u00e3o \u201cCurtir\u201d e para mostrar o n\u00famero de seguidores.<\/td>\n<td style=\"text-align: center;\" width=\"119\"><\/td>\n<\/tr>\n<tr>\n<td style=\"text-align: left;\" width=\"97\">facebook.com<\/td>\n<td style=\"text-align: left;\" width=\"149\">_fbp<\/td>\n<td style=\"text-align: left;\" width=\"114\">Esses cookies s\u00e3o usados para analisar o comportamento e exibir an\u00fancios na rede social Facebook em rela\u00e7\u00e3o ao comportamento de navega\u00e7\u00e3o do usu\u00e1rio.<\/td>\n<td style=\"text-align: center;\" width=\"119\"><\/td>\n<\/tr>\n<tr>\n<td style=\"text-align: left;\" width=\"97\">google.com<\/td>\n<td style=\"text-align: left;\" width=\"149\">DV<\/td>\n<td style=\"text-align: left;\" width=\"114\">EEle \u00e9 usado pelo Google para fornecer servi\u00e7os e extrair informa\u00e7\u00f5es an\u00f4nimas de navega\u00e7\u00e3o.<\/td>\n<td style=\"text-align: center;\" width=\"119\"><\/td>\n<\/tr>\n<tr>\n<td style=\"text-align: left;\" width=\"97\">google.com<\/td>\n<td style=\"text-align: left;\" width=\"149\">NID<\/td>\n<td style=\"text-align: left;\" width=\"114\">Visualiza\u00e7\u00e3o de mapas usando o Google Maps.<\/td>\n<td style=\"text-align: center;\" width=\"119\"><\/td>\n<\/tr>\n<tr>\n<td style=\"text-align: left;\" width=\"97\">google.com<\/td>\n<td style=\"text-align: left;\" width=\"149\">ANID<\/td>\n<td style=\"text-align: left;\" width=\"114\"> Usado para medir o desempenho do an\u00fancio e fornecer recomenda\u00e7\u00f5es de produtos com base em dados estat\u00edsticos.<\/td>\n<td style=\"text-align: center;\" width=\"119\"><\/td>\n<\/tr>\n<tr>\n<td style=\"text-align: left;\" width=\"97\">google.com<\/td>\n<td style=\"text-align: left;\" width=\"149\">CONSENT<\/td>\n<td style=\"text-align: left;\" width=\"114\">Cookie t\u00e9cnico para controlar a aceita\u00e7\u00e3o de cookies.<\/td>\n<td style=\"text-align: center;\" width=\"119\"><\/td>\n<\/tr>\n<tr>\n<td style=\"text-align: left;\" width=\"97\">google.com<\/td>\n<td style=\"text-align: left;\" width=\"149\">_gac_UA-129586504-1, _gid, _gat_gtag_UA_129586504_1, _gat_UA-129586504-1, _ga<\/td>\n<td style=\"text-align: left;\" width=\"114\"><em>     Cookie usado para medir as intera\u00e7\u00f5es do usu\u00e1rio no site.<\/em><\/td>\n<td style=\"text-align: center;\" width=\"119\"><\/td>\n<\/tr>\n<tr>\n<td style=\"text-align: left;\" width=\"97\">google.com<\/td>\n<td style=\"text-align: left;\" width=\"149\">1P_JAR<\/td>\n<td style=\"text-align: left;\" width=\"114\">  Cookie que transfere dados para o Google para tornar a publicidade mais atraente.<strong>.<\/strong><\/td>\n<td style=\"text-align: center;\" width=\"119\"><\/td>\n<\/tr>\n<tr>\n<td style=\"text-align: left;\" width=\"97\">noruegatours.com<\/td>\n<td style=\"text-align: left;\" width=\"149\">test_cookie<\/td>\n<td style=\"text-align: left;\" width=\"114\"><\/td>\n<td style=\"text-align: center;\" width=\"119\"><\/td>\n<\/tr>\n<tr>\n<td style=\"text-align: left;\" width=\"97\">noruegatours.com<\/td>\n<td style=\"text-align: left;\" width=\"149\">_omappvp<\/td>\n<td style=\"text-align: left;\" width=\"114\">Usado para controlar a exibi\u00e7\u00e3o de pop-ups no site.<\/td>\n<td style=\"text-align: center;\" width=\"119\"><\/td>\n<\/tr>\n<tr>\n<td rowspan=\"9\" width=\"97\">noruegatours.com<\/td>\n<td width=\"149\">wpca_cc, wpca_consent<\/td>\n<td width=\"114\">  Eles s\u00e3o usados para salvar as configura\u00e7\u00f5es de cookies definidas pelo usu\u00e1rio.<\/td>\n<td width=\"119\"><\/td>\n<\/tr>\n<\/tbody>\n<\/table>\n<p>&nbsp;<\/p>\n<p>&nbsp;<\/p>\n<table class=\"cookies\" border=\"1\" width=\"100%\">\n<tbody>\n<tr>\n<td style=\"text-align: center;\" colspan=\"4\">COOKIES TERCEIROS<\/td>\n<\/tr>\n<tr>\n<td style=\"text-align: center;\" width=\"97\">Dom\u00ednio sob o qual o cookie \u00e9 armazenado<\/td>\n<td style=\"text-align: center;\" width=\"149\">Nome<\/td>\n<td style=\"text-align: center;\" width=\"114\">Finalidade<\/td>\n<td style=\"text-align: center;\" width=\"119\">Mais informa\u00e7\u00f5es<\/td>\n<\/tr>\n<tr>\n<td style=\"text-align: center;\" width=\"97\"><\/td>\n<td><\/td>\n<td width=\"114\"><\/td>\n<td style=\"text-align: center;\" width=\"119\"><\/td>\n<\/tr>\n<tr>\n<td><\/td>\n<td><\/td>\n<td><\/td>\n<td><\/td>\n<\/tr>\n<\/tbody>\n<\/table>\n<p>&nbsp;<\/p>\n<p>A qualquer momento, voc\u00ea pode permitir, bloquear ou excluir os cookies instalados em seu computador, configurando as op\u00e7\u00f5es do navegador:<\/p>\n<p>\u2022 Google Chrome: Como gerenciar cookies e dados de sites.<br \/>\n\u2022 Firefox: Habilitar e desabilitar cookies que os sites usam para rastrear suas prefer\u00eancias.<br \/>\n\u2022 Internet Explorer: bloquear ou permitir cookies.<br \/>\n\u2022 Safari: navegar na Internet. Se\u00e7\u00e3o Proteger a informa\u00e7\u00e3o pessoal (no final da p\u00e1gina)<\/p>\n","protected":false},"excerpt":{"rendered":"<p>O que s\u00e3o cookies? Um cookie \u00e9 um arquivo que \u00e9 baixado para o seu computador quando voc\u00ea acessa determinados sites. Os cookies permitem que um site, entre outras coisas, armazene e recupere informa\u00e7\u00f5es sobre os h\u00e1bitos de navega\u00e7\u00e3o de um usu\u00e1rio ou de seu computador e, dependendo das informa\u00e7\u00f5es que eles cont\u00eam e da [&hellip;]<\/p>\n","protected":false},"author":1,"featured_media":0,"parent":247919,"menu_order":0,"comment_status":"closed","ping_status":"closed","template":"","meta":{"_acf_changed":false,"_et_pb_use_builder":"","_et_pb_old_content":"","_et_gb_content_width":"","inline_featured_image":false,"footnotes":""},"difl_page_category":[],"class_list":["post-247923","page","type-page","status-publish","hentry"],"acf":[],"_links":{"self":[{"href":"https:\/\/www.noruegatours.com\/pt-pt\/wp-json\/wp\/v2\/pages\/247923","targetHints":{"allow":["GET"]}}],"collection":[{"href":"https:\/\/www.noruegatours.com\/pt-pt\/wp-json\/wp\/v2\/pages"}],"about":[{"href":"https:\/\/www.noruegatours.com\/pt-pt\/wp-json\/wp\/v2\/types\/page"}],"author":[{"embeddable":true,"href":"https:\/\/www.noruegatours.com\/pt-pt\/wp-json\/wp\/v2\/users\/1"}],"replies":[{"embeddable":true,"href":"https:\/\/www.noruegatours.com\/pt-pt\/wp-json\/wp\/v2\/comments?post=247923"}],"version-history":[{"count":0,"href":"https:\/\/www.noruegatours.com\/pt-pt\/wp-json\/wp\/v2\/pages\/247923\/revisions"}],"up":[{"embeddable":true,"href":"https:\/\/www.noruegatours.com\/pt-pt\/wp-json\/wp\/v2\/pages\/247919"}],"wp:attachment":[{"href":"https:\/\/www.noruegatours.com\/pt-pt\/wp-json\/wp\/v2\/media?parent=247923"}],"wp:term":[{"taxonomy":"difl_page_category","embeddable":true,"href":"https:\/\/www.noruegatours.com\/pt-pt\/wp-json\/wp\/v2\/difl_page_category?post=247923"}],"curies":[{"name":"wp","href":"https:\/\/api.w.org\/{rel}","templated":true}]}}