{"id":247916,"date":"2024-11-08T15:51:04","date_gmt":"2024-11-08T13:51:04","guid":{"rendered":"https:\/\/www.noruegatours.com\/politica-de-privacidade\/"},"modified":"2024-11-08T15:54:36","modified_gmt":"2024-11-08T13:54:36","slug":"politica-de-privacidade","status":"publish","type":"page","link":"https:\/\/www.noruegatours.com\/pt-pt\/legal\/politica-de-privacidade\/","title":{"rendered":"POL\u00cdTICA DE PRIVACIDADE"},"content":{"rendered":"<p>[et_pb_section fb_built=&#8221;1&#8243; _builder_version=&#8221;4.16&#8243; global_colors_info=&#8221;{}&#8221;][et_pb_row _builder_version=&#8221;4.16&#8243; background_size=&#8221;initial&#8221; background_position=&#8221;top_left&#8221; background_repeat=&#8221;repeat&#8221; global_colors_info=&#8221;{}&#8221;][et_pb_column type=&#8221;4_4&#8243; _builder_version=&#8221;4.16&#8243; custom_padding=&#8221;|||&#8221; global_colors_info=&#8221;{}&#8221; custom_padding__hover=&#8221;|||&#8221;][et_pb_text _builder_version=&#8221;4.19.4&#8243; _module_preset=&#8221;default&#8221; global_colors_info=&#8221;{}&#8221;]<\/p>\n<h2>POL\u00cdTICA DE PRIVACIDADE<\/h2>\n<p>[\/et_pb_text][et_pb_text _builder_version=&#8221;4.19.4&#8243; background_size=&#8221;initial&#8221; background_position=&#8221;top_left&#8221; background_repeat=&#8221;repeat&#8221; custom_padding=&#8221;50px||||false|false&#8221; global_colors_info=&#8221;{}&#8221;]<\/p>\n<p>De acordo com o disposto na norma v\u00e1lida de prote\u00e7\u00e3o de dados pessoais, consulte as seguintes informa\u00e7\u00f5es em seu conhecimento:<\/p>\n<p>1. QUEM \u00c9 O RESPONS\u00c1VEL DO TRATAMIENTO DE SEUS DADOS?<\/p>\n<p>VIAJES TUTTOCARD, S.L.<\/p>\n<p>C\/ Fil\u00e1 Cord\u00f3n n.\u00ba 36, Pol\u00edgono Industrial Cotes Altes,<\/p>\n<p>03804 Alcoy, Alicante<\/p>\n<p>CIFB54227707<\/p>\n<p>Telefone: 965051067<\/p>\n<p>2. QUAL \u00c9 A FINALIDADE DO TRATAMENTO?<\/p>\n<p>A finaliza\u00e7\u00e3o do tratamento dos seus dados permite gerir a rela\u00e7\u00e3o contratual e\/ou pr\u00e9-contratual entre VIAJES TUTTOCARD, S..L. e ele est\u00e1 interessado.<\/p>\n<p>Conserva\u00e7\u00e3o dos seus dados:<\/p>\n<p>O per\u00edodo de conserva\u00e7\u00e3o dos seus dados ser\u00e1 de 5 anos a partir da data em que os forneceu. Base jur\u00eddica C\u00f3digo Civil.<\/p>\n<p>3. QUAL A LEGITIMA\u00c7\u00c3O PARA O TRATAMENTO DOS SEUS DADOS?<\/p>\n<p>A legitimidade para o tratamento dos seus dados pessoais \u00e9 a execu\u00e7\u00e3o do contrato em que o interessado \u00e9 parte, ou para a aplica\u00e7\u00e3o de medidas contratuais a pedido do interessado.<\/p>\n<p>4. A QUAIS DESTINAT\u00c1RIOS SER\u00c3O COMUNICADOS OS SEUS DADOS PESSOAIS?<\/p>\n<p>Empresas atacadistas, fornecedores inclu\u00eddos na viagem contratada, empresas que gerenciam sistemas globais de reservas, Savia Amadeus, seguradoras, companhias a\u00e9reas, hot\u00e9is, guias tur\u00edsticos, transportadoras, empresas de aluguel de carros.<\/p>\n<p>5. QUAIS S\u00c3O OS SEUS DIREITOS QUANDO NOS FORNECE OS SEUS DADOS PESSOAIS?<\/p>\n<p>Voc\u00ea tem o direito de:<\/p>\n<p>Acesso aos seus dados pessoais.<\/p>\n<p>Solicitar sua retifica\u00e7\u00e3o<\/p>\n<p>Solicitar sua supress\u00e3o<\/p>\n<p>Opor-se ao seu tratamento.<\/p>\n<p>Solicitar a limita\u00e7\u00e3o do seu tratamento.<\/p>\n<p>A portabilidade dos dados pessoais.<\/p>\n<p>Poder\u00e1 exercer os seus direitos mediante comunica\u00e7\u00e3o escrita para o seguinte endere\u00e7o: VIAJES TUTTOCARD, S.L., C\/ Fil\u00e1 Cord\u00f3n n.\u00ba 36, Pol\u00edgono Industrial Cotes Altes, 03804 Alcoy, Alicante, ou atrav\u00e9s do e-mail HYPERLINK \u00abmailto:arco@tuttoviajes. \u00bbarco@tuttoviajes.es<\/p>\n<p>Sua solicita\u00e7\u00e3o dever\u00e1 incluir data, nome e sobrenome, peti\u00e7\u00e3o na qual a solicita\u00e7\u00e3o \u00e9 especificada, endere\u00e7o para fins de notifica\u00e7\u00e3o. Para dissipar qualquer d\u00favida razo\u00e1vel sobre a identidade da pessoa singular que faz o pedido, solicita-se a apresenta\u00e7\u00e3o do DNI ou documento de natureza an\u00e1loga ou semelhante para confirmar a sua identidade.<\/p>\n<p>Se considerar que sua solicita\u00e7\u00e3o n\u00e3o foi resolvida corretamente, poder\u00e1 recorrer \u00e0 Ag\u00eancia Espanhola de Prote\u00e7\u00e3o de Dados, cujos detalhes podem ser consultados em www.agpd.es.<\/p>\n<p>[\/et_pb_text][\/et_pb_column][\/et_pb_row][\/et_pb_section]<\/p>\n","protected":false},"excerpt":{"rendered":"<p>POL\u00cdTICA DE PRIVACIDADEDe acordo com o disposto na norma v\u00e1lida de prote\u00e7\u00e3o de dados pessoais, consulte as seguintes informa\u00e7\u00f5es em seu conhecimento: 1. QUEM \u00c9 O RESPONS\u00c1VEL DO TRATAMIENTO DE SEUS DADOS? VIAJES TUTTOCARD, S.L. C\/ Fil\u00e1 Cord\u00f3n n.\u00ba 36, Pol\u00edgono Industrial Cotes Altes, 03804 Alcoy, Alicante CIFB54227707 Telefone: 965051067 2. QUAL \u00c9 A FINALIDADE [&hellip;]<\/p>\n","protected":false},"author":1,"featured_media":0,"parent":247919,"menu_order":0,"comment_status":"closed","ping_status":"closed","template":"","meta":{"_acf_changed":false,"_et_pb_use_builder":"on","_et_pb_old_content":"","_et_gb_content_width":"","inline_featured_image":false,"footnotes":""},"difl_page_category":[],"class_list":["post-247916","page","type-page","status-publish","hentry"],"acf":[],"_links":{"self":[{"href":"https:\/\/www.noruegatours.com\/pt-pt\/wp-json\/wp\/v2\/pages\/247916","targetHints":{"allow":["GET"]}}],"collection":[{"href":"https:\/\/www.noruegatours.com\/pt-pt\/wp-json\/wp\/v2\/pages"}],"about":[{"href":"https:\/\/www.noruegatours.com\/pt-pt\/wp-json\/wp\/v2\/types\/page"}],"author":[{"embeddable":true,"href":"https:\/\/www.noruegatours.com\/pt-pt\/wp-json\/wp\/v2\/users\/1"}],"replies":[{"embeddable":true,"href":"https:\/\/www.noruegatours.com\/pt-pt\/wp-json\/wp\/v2\/comments?post=247916"}],"version-history":[{"count":2,"href":"https:\/\/www.noruegatours.com\/pt-pt\/wp-json\/wp\/v2\/pages\/247916\/revisions"}],"predecessor-version":[{"id":247918,"href":"https:\/\/www.noruegatours.com\/pt-pt\/wp-json\/wp\/v2\/pages\/247916\/revisions\/247918"}],"up":[{"embeddable":true,"href":"https:\/\/www.noruegatours.com\/pt-pt\/wp-json\/wp\/v2\/pages\/247919"}],"wp:attachment":[{"href":"https:\/\/www.noruegatours.com\/pt-pt\/wp-json\/wp\/v2\/media?parent=247916"}],"wp:term":[{"taxonomy":"difl_page_category","embeddable":true,"href":"https:\/\/www.noruegatours.com\/pt-pt\/wp-json\/wp\/v2\/difl_page_category?post=247916"}],"curies":[{"name":"wp","href":"https:\/\/api.w.org\/{rel}","templated":true}]}}