{"id":247915,"date":"2024-11-08T15:47:39","date_gmt":"2024-11-08T13:47:39","guid":{"rendered":"https:\/\/www.noruegatours.com\/aviso-legal\/"},"modified":"2024-11-11T16:03:39","modified_gmt":"2024-11-11T14:03:39","slug":"aviso-legal","status":"publish","type":"page","link":"https:\/\/www.noruegatours.com\/pt-pt\/legal\/aviso-legal\/","title":{"rendered":"Aviso Legal"},"content":{"rendered":"<h3>Aviso Legal<\/h3>\n<div class=\"content-raw\">\n<p class=\"p1\"><strong>INFORMA\u00c7\u00c3O DO S\u00cdTIO<\/strong><\/p>\n<p class=\"p2\">Em cumprimento do disposto na Lei 34\/2002, de 11 de julho, de Servi\u00e7os da Sociedade da Informa\u00e7\u00e3o e Com\u00e9rcio Eletr\u00f3nico, informamos sobre os dados de informa\u00e7\u00e3o geral deste s\u00edtio web:<\/p>\n<p class=\"p2\">Respons\u00e1vel: VIAJES TUTTOCARD, S.L.<\/p>\n<p class=\"p2\">Endere\u00e7o: C\/ Fil\u00e1 Cord\u00f3n n\u00ba 36 Pol\u00edgono Industrial Cotes Altes, 03804 Alcoy (Alicante),<\/p>\n<p class=\"p2\">Correio eletr\u00f3nico de contacto: info@tuttoviajes.es<\/p>\n<p class=\"p2\">N\u00famero de identifica\u00e7\u00e3o fiscal: B-54227707<\/p>\n<p class=\"p2\">Dados de registro: VOLUME 3180, LIVRO 0, FOLHA 96, FOLHA A-106228, do Registro Comercial de Alicante.<\/p>\n<p class=\"p2\"><strong>Licen\u00e7a administrativa: A atividade principal da VIAJES TUTTOCARD, S.L. \u00e9 a de Ag\u00eancias de Viagens, pelo que disp\u00f5e da licen\u00e7a administrativa pr\u00e9via obrigat\u00f3ria para o desempenho das suas fun\u00e7\u00f5es, licen\u00e7a n\u00famero CV-Mm1019-A, concedida pelo Servei Territorial de Turisme de Alicante da Generalitat Valenciana.<\/p>\n<p class=\"p2\"><strong>CONDI\u00c7\u00d5ES GERAIS DE UTILIZA\u00c7\u00c3O DO S\u00cdTIO WEB<\/strong><\/p>\n<p class=\"p2\"><span class=\"s1\"><strong>1<\/strong><\/span><strong>1 Usu\u00e1rios do site.<\/strong><\/p>\n<p class=\"p3\">O acesso ao site confere a quem o realiza a condi\u00e7\u00e3o de usu\u00e1rio, aceitando a partir desse momento, integralmente e sem reservas, as presentes condi\u00e7\u00f5es gerais.<\/p>\n<p class=\"p3\">A utiliza\u00e7\u00e3o de determinados servi\u00e7os oferecidos neste site reger-se-\u00e1 tamb\u00e9m pelas condi\u00e7\u00f5es particulares previstas em cada caso, que se entender\u00e3o aceites pela mera utiliza\u00e7\u00e3o de tais servi\u00e7os.<\/p>\n<p class=\"p3\">VIAJES TUTTOCARD, S.L. n\u00e3o ser\u00e1 respons\u00e1vel, em nenhuma circunst\u00e2ncia, pelo uso que os usu\u00e1rios possam fazer do site ou de seus servi\u00e7os, nem pelos danos que possam derivar do mesmo. Essa responsabilidade se estender\u00e1 ao uso pelo usu\u00e1rio ou por terceiros de senhas ou similares designadas para o acesso ao site, bem como a qualquer um de seus servi\u00e7os.<\/p>\n<p class=\"p2\"><strong>2 2 Funcionamento e disponibilidade do site.<\/strong><\/p>\n<p class=\"p3\">VIAJES TUTTOCARD, S.L. se reserva o direito de realizar, a qualquer momento e sem aviso pr\u00e9vio, modifica\u00e7\u00f5es e atualiza\u00e7\u00f5es nas informa\u00e7\u00f5es contidas no site, em sua configura\u00e7\u00e3o e apresenta\u00e7\u00e3o e nas condi\u00e7\u00f5es de acesso.<\/p>\n<p class=\"p3\">VIAJES TUTTOCARD, S.L. se reserva o direito de interromper o acesso ao seu site ou a qualquer um de seus servi\u00e7os ou conte\u00fados a qualquer momento e sem aviso pr\u00e9vio.<\/p>\n<p class=\"p2\"><strong>3 Exclus\u00e3o de responsabilidade<\/strong><\/p>\n<p class=\"p3\">VIAJES TUTTOCARD, S.L. n\u00e3o \u00e9 respons\u00e1vel por:<\/p>\n<p class=\"p4\">1. Erros de seguran\u00e7a que possam ocorrer ou danos que possam ser causados ao sistema de computador do usu\u00e1rio (hardware e software) ou aos arquivos ou documentos armazenados nele, como resultado da presen\u00e7a de um v\u00edrus. Programas maliciosos ou prejudiciais em seu conte\u00fado.<\/p>\n<p class=\"p4\">2. A falta de disponibilidade, manuten\u00e7\u00e3o e funcionamento efetivo do site ou de seus servi\u00e7os ou conte\u00fados.<\/p>\n<p class=\"p4\">3. A utiliza\u00e7\u00e3o il\u00edcita, negligente, fraudulenta, contr\u00e1ria a estas Condi\u00e7\u00f5es Gerais, \u00e0 boa f\u00e9, aos usos geralmente aceitos ou \u00e0 ordem p\u00fablica, do site, de seus servi\u00e7os ou conte\u00fados, por parte do usu\u00e1rio.<\/p>\n<p class=\"p3\">O descumprimento por terceiros de suas obriga\u00e7\u00f5es ou compromissos em rela\u00e7\u00e3o aos servi\u00e7os prestados aos usu\u00e1rios por meio do site.<\/p>\n<p class=\"p2\"><strong>4 Conte\u00fado e qualidade do site<\/strong><\/p>\n<p class=\"p3\">VIAJES TUTTOCARD, S.L. n\u00e3o assume responsabilidade alguma pelos conte\u00fados vinculados ao site, sempre que n\u00e3o estejam relacionados com o mesmo, nem garante a aus\u00eancia de v\u00edrus ou outros elementos nos mesmos que possam causar altera\u00e7\u00f5es no sistema inform\u00e1tico (hardware e software), nos documentos ou arquivos do usu\u00e1rio, excluindo qualquer responsabilidade por danos e preju\u00edzos de qualquer natureza causados ao usu\u00e1rio por este motivo.<\/p>\n<p class=\"p3\">ENo caso de qualquer usu\u00e1rio considerar que os conte\u00fados ou servi\u00e7os fornecidos pelas p\u00e1ginas vinculadas s\u00e3o il\u00edcitos ou prejudicam a propriedade ou os direitos do usu\u00e1rio, de um cliente ou de um terceiro pass\u00edvel de indeniza\u00e7\u00e3o e, em particular, consistem em:<\/p>\n<p class=\"p4\">1. atividades ou conte\u00fados suscet\u00edveis de serem considerados criminosos de acordo com a legisla\u00e7\u00e3o penal espanhola.<\/p>\n<p class=\"p4\">2.  Atividades ou conte\u00fados que violem os direitos de propriedade intelectual ou industrial.<\/p>\n<p class=\"p4\">3.  Atividades ou conte\u00fado que ponham em risco a ordem p\u00fablica, a investiga\u00e7\u00e3o criminal, a seguran\u00e7a p\u00fablica e a defesa nacional.<\/p>\n<p class=\"p4\">4. Atividades ou conte\u00fados que coloquem em risco a prote\u00e7\u00e3o da sa\u00fade p\u00fablica, o respeito \u00e0 dignidade humana e o princ\u00edpio da n\u00e3o discrimina\u00e7\u00e3o, bem como a prote\u00e7\u00e3o da sa\u00fade e das crian\u00e7as.<\/p>\n<p class=\"p3\">O usu\u00e1rio poder\u00e1 notificar a VIAJES TUTTOCARD, S.L., no entanto, o recebimento de tal notifica\u00e7\u00e3o pela VIAJES TUTTOCARD, S.L. n\u00e3o constituir\u00e1 conhecimento para os fins da responsabilidade prevista no artigo 17 da LSSICE.<\/p>\n<p class=\"p3\">VIAJES TUTTOCARD, S.L. n\u00e3o se responsabiliza pela falta de utilidade ou adequa\u00e7\u00e3o para um uso espec\u00edfico deste site. Tamb\u00e9m n\u00e3o se responsabiliza por quaisquer danos que o usu\u00e1rio possa sofrer como resultado de erros ou omiss\u00f5es no conte\u00fado deste site, embora se comprometa a verificar e monitorar periodicamente o conte\u00fado e as informa\u00e7\u00f5es nele contidas.<\/p>\n<p class=\"p2\"><strong>5 Links para outros sites<\/strong><\/p>\n<p class=\"p3\">O usu\u00e1rio que pretender fazer ou realizar um hiperlink de uma p\u00e1gina da Web de outro portal da Internet para qualquer uma das p\u00e1ginas da Web da VIAJES TUTTOCARD, S.L. dever\u00e1 submeter-se \u00e0s seguintes condi\u00e7\u00f5es:<\/p>\n<p class=\"p4\">1. n\u00e3o \u00e9 permitida a reprodu\u00e7\u00e3o total ou parcial de nenhum dos servi\u00e7os ou conte\u00fados do site sem a pr\u00e9via e expressa autoriza\u00e7\u00e3o da VIAJES TUTTOCARD, S.L.<\/p>\n<p class=\"p4\">2. todos os links de terceiros para o site devem ser para sua p\u00e1gina principal, sendo expressamente proibidos os deep links, links IMG ou de imagens, ou frames com as p\u00e1ginas da VIAJES TUTTOCARD, S.L. e qualquer outra utiliza\u00e7\u00e3o dos conte\u00fados do site por terceiros n\u00e3o autorizados.<\/p>\n<p class=\"p4\">3. n\u00e3o ser\u00e1 inclu\u00edda nenhuma declara\u00e7\u00e3o falsa, inexata ou incorreta sobre as p\u00e1ginas da VIAJES TUTTOCARD, S.L. ou sobre os servi\u00e7os ou conte\u00fados das mesmas. Exceto por aqueles sinais que fazem parte do hiperlink, a p\u00e1gina da Web na qual ele \u00e9 estabelecido n\u00e3o conter\u00e1 nenhuma marca registrada, nome comercial, sinal de estabelecimento, denomina\u00e7\u00e3o, logotipo, slogan ou outros sinais distintivos pertencentes \u00e0 VIAJES TUTTOCARD, S.L., a menos que autorizado por esta.<\/p>\n<p class=\"p4\">4. O estabelecimento do hiperlink n\u00e3o implica a exist\u00eancia de uma rela\u00e7\u00e3o entre a VIAJES TUTTOCARD, S.L. e o propriet\u00e1rio da p\u00e1gina web ou portal a partir do qual se realiza, nem o conhecimento e aceita\u00e7\u00e3o por parte da VIAJES TUTTOCARD, S.L. dos servi\u00e7os e conte\u00fados oferecidos na referida p\u00e1gina web ou portal.<\/p>\n<p class=\"p4\">5. A VIAJES TUTTOCARD, S.L. n\u00e3o se responsabiliza pelos conte\u00fados ou servi\u00e7os colocados \u00e0 disposi\u00e7\u00e3o do p\u00fablico na p\u00e1gina web ou portal a partir do qual se realiza o hiperlink, nem pelas informa\u00e7\u00f5es e manifesta\u00e7\u00f5es inclu\u00eddas no mesmo.<\/p>\n<p class=\"p3\">A VIAJES TUTTOCARD, S.L. n\u00e3o comercializa, dirige, controla previamente nem faz pr\u00f3prios os conte\u00fados, servi\u00e7os, informa\u00e7\u00f5es e manifesta\u00e7\u00f5es dispon\u00edveis nesses sites.<\/p>\n<p class=\"p3\">AA VIAJES TUTTOCARD, S.L. n\u00e3o comercializa, dirige, controla previamente nem faz pr\u00f3prios os conte\u00fados, servi\u00e7os, informa\u00e7\u00f5es e manifesta\u00e7\u00f5es dispon\u00edveis nesses sites.<\/p>\n<p class=\"p3\">A VIAJES TUTTOCARD, S.L. n\u00e3o assume qualquer responsabilidade, nem mesmo indireta ou subsidi\u00e1ria, pelos danos e preju\u00edzos de qualquer natureza que possam decorrer do acesso, manuten\u00e7\u00e3o, uso, qualidade, legalidade, confiabilidade e utilidade dos conte\u00fados, informa\u00e7\u00f5es, comunica\u00e7\u00f5es, opini\u00f5es, manifesta\u00e7\u00f5es, produtos e servi\u00e7os existentes ou oferecidos em sites n\u00e3o gerenciados pela VIAJES TUTTOCARD, S.L. e que sejam acess\u00edveis atrav\u00e9s do site www.bonotour.com.<\/p>\n<p class=\"p3\">No caso de a VIAJES TUTTOCARD, S.L. ter conhecimento efetivo de que a informa\u00e7\u00e3o ou atividade a que se refere a partir dos referidos links \u00e9 il\u00edcita, constitui um delito ou pode danificar os bens ou direitos de um terceiro pass\u00edvel de indeniza\u00e7\u00e3o, atuar\u00e1 com a dilig\u00eancia necess\u00e1ria para remover ou desativar o link correspondente com a maior brevidade poss\u00edvel.<\/p>\n<p class=\"p2\"><strong>6 Propriedade intelectual e industrial<\/strong><\/p>\n<p class=\"p3\">A VIAJES TUTTOCARD, S.L. \u00e9 propriet\u00e1ria dos textos, imagens, logotipos, sinais distintivos, sons, anima\u00e7\u00f5es, v\u00eddeos, c\u00f3digo fonte, design, estrutura de navega\u00e7\u00e3o, bases de dados e os diferentes elementos de software do site, bem como dos direitos de propriedade industrial e intelectual relativos aos conte\u00fados nele inclu\u00eddos.<\/p>\n<p class=\"p3\">Qualquer transmiss\u00e3o, distribui\u00e7\u00e3o, reprodu\u00e7\u00e3o ou armazenamento, total ou parcial, com fins lucrativos ou comerciais, dos conte\u00fados armazenados neste site \u00e9 expressamente proibida, exceto com o consentimento pr\u00e9vio e expresso do propriet\u00e1rio dos direitos.<\/p>\n<p class=\"p3\">Com o objetivo de preservar poss\u00edveis direitos de propriedade intelectual ou industrial, caso algum usu\u00e1rio ou terceiro considere que seus direitos leg\u00edtimos foram violados pela introdu\u00e7\u00e3o de determinados conte\u00fados no site, dever\u00e1 notificar VIAJES TUTTOCARD, S.L. sobre essa circunst\u00e2ncia, indicando:<\/p>\n<p class=\"p4\">1. os dados pessoais do interessado que \u00e9 o titular dos direitos supostamente infringidos. Se a reclama\u00e7\u00e3o for apresentada por um terceiro que n\u00e3o seja o interessado, este dever\u00e1 indicar a representa\u00e7\u00e3o com a qual est\u00e1 agindo.<\/p>\n<p class=\"p4\">2. indica\u00e7\u00e3o dos conte\u00fados protegidos por direitos de propriedade intelectual ou industrial e sua localiza\u00e7\u00e3o no site.<\/p>\n<p class=\"p4\">3. Comprova\u00e7\u00e3o dos referidos direitos de propriedade intelectual ou industrial.<\/p>\n<p class=\"p4\">4. Declara\u00e7\u00e3o expressa na qual o interessado se responsabiliza pela veracidade das informa\u00e7\u00f5es fornecidas na notifica\u00e7\u00e3o.<\/p>\n<p class=\"p3\">A legitimidade dos direitos de propriedade intelectual ou industrial correspondentes aos conte\u00fados fornecidos por terceiros \u00e9 de exclusiva responsabilidade dos mesmos.<\/p>\n<p class=\"p3\">O acesso a este site n\u00e3o outorga ao usu\u00e1rio nenhum direito ou titularidade sobre os direitos de propriedade intelectual e industrial dos elementos corporativos.<\/p>\n<p class=\"p2\"><strong>7 Pol\u00edtica de privacidade e prote\u00e7\u00e3o de dados pessoais<\/strong><\/p>\n<p class=\"p3\">VIAJES TUTTOCARD, S.L. pode coletar dados pessoais e informa\u00e7\u00f5es do usu\u00e1rio para armazenamento ou uso por meio de formul\u00e1rios no site.<\/p>\n<p class=\"p3\">Em cada um dos formul\u00e1rios em que forem coletados dados pessoais, o usu\u00e1rio receber\u00e1 informa\u00e7\u00f5es detalhadas sobre o processamento, a finalidade do uso de seus dados, o car\u00e1ter obrigat\u00f3rio ou facultativo de suas respostas, as consequ\u00eancias de sua recusa em fornec\u00ea-los e, em geral, todas as men\u00e7\u00f5es exigidas pela legisla\u00e7\u00e3o aplic\u00e1vel sobre a prote\u00e7\u00e3o de dados pessoais.<\/p>\n<p class=\"p3\"><span class=\"s1\">\u00a0<\/span>A VIAJES TUTTOCARD, S.L. se compromete a processar os dados pessoais do usu\u00e1rio de acordo com as disposi\u00e7\u00f5es da legisla\u00e7\u00e3o vigente sobre prote\u00e7\u00e3o de dados. O usu\u00e1rio se compromete a manter os dados, se for o caso, fornecidos devidamente atualizados, sendo respons\u00e1vel por quaisquer danos e preju\u00edzos causados em decorr\u00eancia da falta de veracidade, exatid\u00e3o ou validade dos dados fornecidos.<\/p>\n<p class=\"p2\"><strong>8 Uso de cookies<\/strong><\/p>\n<p class=\"p3\">Cookies s\u00e3o arquivos enviados ao navegador por um servidor da Web; o navegador os envia de volta ao servidor sem modifica\u00e7\u00f5es, refletindo assim uma mem\u00f3ria de eventos anteriores em transa\u00e7\u00f5es http para registrar as atividades do usu\u00e1rio durante o tempo de navega\u00e7\u00e3o. Esses arquivos cont\u00eam uma s\u00e9rie de informa\u00e7\u00f5es (de senhas a defini\u00e7\u00f5es de exibi\u00e7\u00e3o) sobre a configura\u00e7\u00e3o do site.<\/p>\n<p class=\"p3\">Os usos dos cookies geralmente s\u00e3o os seguintes:<\/p>\n<p class=\"p4\">1. Para manter o controle dos usu\u00e1rios: quando, em uma p\u00e1gina da Web, aceitamos a op\u00e7\u00e3o de salvar o usu\u00e1rio e\/ou a senha, esses dados s\u00e3o salvos em um cookie, para que n\u00e3o seja necess\u00e1rio inseri-los em cada p\u00e1gina do servidor, pois o protocolo HTTP n\u00e3o tem a capacidade de armazenar esses dados. Devemos sempre ter em mente que o que \u00e9 identificado nesses casos \u00e9 uma conex\u00e3o entre o computador e o site, e n\u00e3o entre uma pessoa espec\u00edfica e o site.<\/p>\n<p class=\"p4\">2. Personalizar a apar\u00eancia do site de acordo com as prefer\u00eancias do usu\u00e1rio. A personaliza\u00e7\u00e3o inclui tanto a apresenta\u00e7\u00e3o quanto a funcionalidade.<\/p>\n<p class=\"p4\">3. Acesso aos usu\u00e1rios que se registraram anteriormente \u00e0s \u00e1reas, servi\u00e7os, promo\u00e7\u00f5es ou competi\u00e7\u00f5es reservadas exclusivamente para eles, sem a necessidade de se registrar em cada visita.<\/p>\n<p class=\"p4\">4. Obter informa\u00e7\u00f5es sobre os h\u00e1bitos e costumes de navega\u00e7\u00e3o do usu\u00e1rio. Essas informa\u00e7\u00f5es s\u00e3o devolvidas ao servidor quando nos conectamos a essa p\u00e1gina.<\/p>\n<p class=\"p1\">VIAJES TUTTOCARD, S.L., por conta pr\u00f3pria ou de terceiros contratados para prestar servi\u00e7os de medi\u00e7\u00e3o, poder\u00e1 utilizar cookies quando um usu\u00e1rio navegar pelo site.<\/p>\n<p class=\"p1\">O usu\u00e1rio tem a possibilidade de:<\/p>\n<p class=\"p1\">Aceitar expressamente ou n\u00e3o o uso de cookies, marcando a caixa fornecida para esse fim.<\/p>\n<p class=\"p1\">Configurar seu navegador para ser notificado sobre o recebimento de cookies enviados pelo site, ou por terceiros agindo em seu nome, sem preju\u00edzo da necessidade de o usu\u00e1rio se conectar como tal em cada um dos servi\u00e7os ou cuja presta\u00e7\u00e3o exija registro pr\u00e9vio ou \u201clogin\u201d.<\/p>\n<p class=\"p1\"><strong>9 Lei aplic\u00e1vel e jurisdi\u00e7\u00e3o.<\/strong><\/p>\n<p class=\"p1\">As presentes Condi\u00e7\u00f5es Gerais ser\u00e3o regidas pela legisla\u00e7\u00e3o espanhola.<\/p>\n<p class=\"p3\">VIAJES TUTTOCARD, S.L. e o usu\u00e1rio, com ren\u00fancia expressa a qualquer outro foro que lhes possa corresponder, submetem-se \u00e0 jurisdi\u00e7\u00e3o dos Juizados e Tribunais de Alcoy para quaisquer a\u00e7\u00f5es que possam ser interpostas em decorr\u00eancia da presta\u00e7\u00e3o do servi\u00e7o do site e de seus servi\u00e7os e conte\u00fados e sobre a interpreta\u00e7\u00e3o, aplica\u00e7\u00e3o e cumprimento ou descumprimento das disposi\u00e7\u00f5es aqui contidas, salvo se o usu\u00e1rio for consumidor, caso em que o foro e a legisla\u00e7\u00e3o aplic\u00e1veis ser\u00e3o os de seu domic\u00edlio.<\/p>\n<p class=\"p3\"><strong>10) Comunica\u00e7\u00f5es eletr\u00f4nicas<\/strong><\/p>\n<p>O tratamento de dados pessoais e o envio de comunica\u00e7\u00f5es por meios eletr\u00f4nicos est\u00e3o de acordo com as normas estabelecidas na Lei Org\u00e2nica 15\/1999, de 13 de dezembro de 1999, de Prote\u00e7\u00e3o de Dados Pessoais (B.O.E. 14\/12\/1999), no RD 1720\/2007, de 21 de dezembro, que aprova o regulamento para o desenvolvimento da LOPD e na Lei 34\/2002, de 11 de julho de 2002, de Servi\u00e7os da Sociedade da Informa\u00e7\u00e3o e Com\u00e9rcio Eletr\u00f4nico (B.O.E. 12\/07\/2002). VVIAJES TUTTOCARD, S.L. n\u00e3o autoriza, de forma alguma, a promo\u00e7\u00e3o de nossa marca e de nosso site por e-mail ou qualquer outro meio, sem a pr\u00e9via autoriza\u00e7\u00e3o e consentimento dos usu\u00e1rios. \u00c9 estritamente proibido o uso das marcas VIAJES TUTTOCARD, S.L. para uso il\u00edcito, fraude e crime. Caso contr\u00e1rio, a VIAJES TUTTOCARD, S.L. iniciar\u00e1 todos os procedimentos legais necess\u00e1rios para processar os infratores. <strong>11) Declara\u00e7\u00e3o de boas pr\u00e1ticas<\/strong> VIAJES TUTTOCARD, S.L. cumpre com a legisla\u00e7\u00e3o vigente em cada momento e, mais especificamente, a t\u00edtulo de exemplo, com o disposto na Lei Org\u00e2nica 15\/1999, de 13 de dezembro, de Prote\u00e7\u00e3o de Dados de Car\u00e1ter Pessoal, na Lei 34\/2002, de 11 de julho, de Servi\u00e7os da Sociedade da Informa\u00e7\u00e3o e Com\u00e9rcio Eletr\u00f4nico e na Lei Org\u00e2nica 1\/1996, de 15 de janeiro, de Prote\u00e7\u00e3o Jur\u00eddica de Menores.Portanto, VIAJES TUTTOCARD, S.L.: a.- N\u00e3o promove material il\u00edcito, imoral, obsceno ou nocivo. b.- N\u00e3o promove nenhum tipo de discrimina\u00e7\u00e3o. c.- N\u00e3o envia \u201cbulk\u201d (correio em massa), \u201cjunk\u201d (correio lixo eletr\u00f4nico), spam-email (correio n\u00e3o desejado) ou \u201cnewsgroup communications\u201d quando n\u00e3o tiverem sido solicitados. d.- N\u00e3o infringe nenhum direito de propriedade intelectual ou industrial de empresas terceiras\u201d. Da mesma forma, a VIAJES TUTTOCARD, S.L. rescindir\u00e1 os contratos com empresas de publicidade, Clientes ou membros da Rede de Afiliados que incorrerem nas pr\u00e1ticas mencionadas no ponto anterior.<\/div>\n","protected":false},"excerpt":{"rendered":"<p>Aviso Legal INFORMA\u00c7\u00c3O DO S\u00cdTIO Em cumprimento do disposto na Lei 34\/2002, de 11 de julho, de Servi\u00e7os da Sociedade da Informa\u00e7\u00e3o e Com\u00e9rcio Eletr\u00f3nico, informamos sobre os dados de informa\u00e7\u00e3o geral deste s\u00edtio web: Respons\u00e1vel: VIAJES TUTTOCARD, S.L. Endere\u00e7o: C\/ Fil\u00e1 Cord\u00f3n n\u00ba 36 Pol\u00edgono Industrial Cotes Altes, 03804 Alcoy (Alicante), Correio eletr\u00f3nico de [&hellip;]<\/p>\n","protected":false},"author":1,"featured_media":0,"parent":247919,"menu_order":0,"comment_status":"closed","ping_status":"closed","template":"","meta":{"_acf_changed":false,"_et_pb_use_builder":"on","_et_pb_old_content":"","_et_gb_content_width":"","inline_featured_image":false,"footnotes":""},"difl_page_category":[],"class_list":["post-247915","page","type-page","status-publish","hentry"],"acf":[],"_links":{"self":[{"href":"https:\/\/www.noruegatours.com\/pt-pt\/wp-json\/wp\/v2\/pages\/247915","targetHints":{"allow":["GET"]}}],"collection":[{"href":"https:\/\/www.noruegatours.com\/pt-pt\/wp-json\/wp\/v2\/pages"}],"about":[{"href":"https:\/\/www.noruegatours.com\/pt-pt\/wp-json\/wp\/v2\/types\/page"}],"author":[{"embeddable":true,"href":"https:\/\/www.noruegatours.com\/pt-pt\/wp-json\/wp\/v2\/users\/1"}],"replies":[{"embeddable":true,"href":"https:\/\/www.noruegatours.com\/pt-pt\/wp-json\/wp\/v2\/comments?post=247915"}],"version-history":[{"count":2,"href":"https:\/\/www.noruegatours.com\/pt-pt\/wp-json\/wp\/v2\/pages\/247915\/revisions"}],"predecessor-version":[{"id":247922,"href":"https:\/\/www.noruegatours.com\/pt-pt\/wp-json\/wp\/v2\/pages\/247915\/revisions\/247922"}],"up":[{"embeddable":true,"href":"https:\/\/www.noruegatours.com\/pt-pt\/wp-json\/wp\/v2\/pages\/247919"}],"wp:attachment":[{"href":"https:\/\/www.noruegatours.com\/pt-pt\/wp-json\/wp\/v2\/media?parent=247915"}],"wp:term":[{"taxonomy":"difl_page_category","embeddable":true,"href":"https:\/\/www.noruegatours.com\/pt-pt\/wp-json\/wp\/v2\/difl_page_category?post=247915"}],"curies":[{"name":"wp","href":"https:\/\/api.w.org\/{rel}","templated":true}]}}